{"id":2075,"date":"2023-01-01T20:43:20","date_gmt":"2023-01-01T19:43:20","guid":{"rendered":"https:\/\/www.infoselix.com\/?page_id=2075"},"modified":"2023-02-02T16:19:59","modified_gmt":"2023-02-02T15:19:59","slug":"rregullat-e-privatesise","status":"publish","type":"page","link":"https:\/\/www.infoselix.com\/sq\/rregullat-e-privatesise\/","title":{"rendered":"Rregullat e privat\u00ebsis\u00eb"},"content":{"rendered":"<h2 class=\"wp-block-heading\">Kush jemi ne<\/h2><p><strong class=\"privacy-policy-tutorial\">Teksti i sugjeruar:<\/strong> Adresa e faqes ton\u00eb t\u00eb internetit \u00ebsht\u00eb: https:\/\/www.infoselix.com.<\/p><h2 class=\"wp-block-heading\">Komentet<\/h2><p><strong class=\"privacy-policy-tutorial\">Teksti i sugjeruar: <\/strong>Kur vizitor\u00ebt shkruajn\u00eb komente n\u00eb faqen e internetit, ne mbledhim t\u00eb dh\u00ebnat e shfaqura n\u00eb form\u00ebn e komenteve dhe gjithashtu adres\u00ebn IP t\u00eb vizitorit si dhe vargun e agjentit t\u00eb shfletimit t\u00eb p\u00ebrdoruesit n\u00eb m\u00ebnyr\u00eb q\u00eb t\u00eb zbulojm\u00eb spam-et ( posta e pad\u00ebshiruar).<\/p><p>\u00cbsht\u00eb e mundur q\u00eb vargu anonim \u00ebsht\u00eb krijuar nga adresa juaj e emai-it (q\u00eb gjithashtu quhet hash) i d\u00ebrguar servisit Gravatar n\u00eb m\u00ebnyr\u00eb q\u00eb t\u00eb kontrollohet n\u00ebse po e p\u00ebrdorni. Rregullat e privat\u00ebsis\u00eb s\u00eb servisit Gravatar jan\u00eb t\u00eb disponueshme k\u00ebtu: https:\/\/automattic.com\/privacy\/. Pas aprovimit t\u00eb komentit tuaj, fotoja juaj e profilit \u00ebsht\u00eb publikisht e dukshme n\u00eb kontekstin e komentit tuaj.<\/p><h2 class=\"wp-block-heading\">Skedar\u00ebt<\/h2><p><strong class=\"privacy-policy-tutorial\">Teksti i sugjeruar:<\/strong>N\u00ebse vendosni foton n\u00eb faqen e internetit, duhet t\u00eb shmangni ngarkimin e fotove q\u00eb kan\u00eb t\u00eb dh\u00ebna t\u00eb vendndodhjes (EXIF GPS). Vizitor\u00ebt e faqes s\u00eb internetit mund ti marrin dhe t\u00eb nxjerrin \u00e7do t\u00eb dh\u00ebn\u00eb t\u00eb vendndodhjes nga fotoja n\u00eb faqen e internetit.<\/p><h2 class=\"wp-block-heading\">\u201eBiskotat\u201c (Cookies)<\/h2><p><strong class=\"privacy-policy-tutorial\">Teksti i sugjeruar:<\/strong> N\u00ebs\u00eb shkruani nj\u00eb koment n\u00eb faqen ton\u00eb t\u00eb internetit, ju mund t\u00eb zgjidhni t\u00eb ruani emrin, adres\u00ebn e email-it dhe faqen e internetit n\u00eb \u201eBiskotat\u201c. Arsyeja p\u00ebr k\u00ebt\u00eb \u00ebsht\u00eb q\u00eb t&#8217;a b\u00ebj\u00eb m\u00eb t\u00eb leht\u00eb p\u00ebr ju q\u00eb t\u00eb komentoni p\u00ebrs\u00ebri sepse nuk do t&#8217;ju duhet q\u00eb t\u00eb plot\u00ebsoni n\u00eb m\u00ebnyr\u00eb t\u00eb p\u00ebrs\u00ebritur informacionin personal. K\u00ebto Biskota zgjasin nj\u00eb vit.<\/p><p>N\u00ebse vizitoni faqen ton\u00eb t\u00eb aplikimit, ne do t\u00eb vendosim nj\u00eb biskot\u00eb t\u00eb p\u00ebrkohshme p\u00ebr t\u00eb p\u00ebrcaktuar n\u00ebse shfletuesi juaj pranon Biskota. Kjo Biskot\u00eb nuk p\u00ebrmban t\u00eb dh\u00ebna personale dhe fshihet kur t\u00eb mbyllni shfletuesin tuaj.<\/p><p>Kur t\u00eb aplikoni, gjithashtu do t\u00eb vendosim disa biskota n\u00eb m\u00ebnyr\u00eb q\u00eb t\u00eb ruajm\u00eb t\u00eb dh\u00ebnat tuaja mbi aplikimin dhe preferencat tuaja t\u00eb ekranit. Biskotat e aplikimit zgjasin dy dit\u00eb nd\u00ebrsa preferencat e shaqjes zgjasin nj\u00eb vit. N\u00ebse zgjidhni \u201e M\u00eb mbaj mend\u201c, aplikimi juaj do t\u00eb zgjas\u00eb dy jav\u00eb. N\u00ebse dilni nga llogaria juaj, biskotat e aplikimit do t\u00eb hiqen.<\/p><p>N\u00ebse redaktoni ose publikoni nj\u00eb artikull, nj\u00eb biskot\u00eb shtes\u00eb do t\u00eb ruhet n\u00eb shfletuesin tuaj. Kjo biskot\u00eb nuk p\u00ebrmban t\u00eb dh\u00ebna personale dhe tregon vet\u00ebm ID-n\u00eb e publikimit t\u00eb artikullit q\u00eb sapo keni redaktuar. Biskota skadon pas 1 dite.<\/p><h2 class=\"wp-block-heading\">P\u00ebrmbajtje e integruar nga faqet e tjera t\u00eb interneit<\/h2><p><strong class=\"privacy-policy-tutorial\">Teksti i sugjeruar:<\/strong> Artikujt n\u00eb k\u00ebt\u00eb faqe interneti mund t\u00eb p\u00ebrmbajn\u00eb p\u00ebrmbajtje t\u00eb integruar (p.sh. video, foto, artikuj, etj.). P\u00ebrmbajtja e integruar nga faqet e tjera t\u00eb internetit sillet n\u00eb m\u00ebnyr\u00eb identike sikur vizitori ka vizituar at\u00eb faqen tjet\u00ebr t\u00eb internetit.<\/p><p>K\u00ebto faqe interneti mund t\u00eb mbledhin t\u00eb dh\u00ebna mbi ju, p\u00ebrdorin biskota, kan\u00eb t\u00eb integruar ndjekje shtes\u00eb nga pal\u00ebt e treta dhe monitorojn\u00eb nd\u00ebrveprimin tuaj me at\u00eb p\u00ebrmbajtje t\u00eb integruar, duke p\u00ebrfshir\u00eb ndjekjen e nd\u00ebrveprimit tuaj me p\u00ebrmbajtjen e integruar n\u00ebse keni nj\u00eb llogari dhe nes\u00eb keni aplikuar n\u00eb faqen e internetit.<\/p><h2 class=\"wp-block-heading\">M\u00eb k\u00eb ndajm\u00eb t\u00eb dh\u00ebnat tuaja<\/h2><p><strong class=\"privacy-policy-tutorial\">Teksti i sugjeruar:<\/strong> N\u00ebse keni k\u00ebrkuar ndyshimin e fjal\u00ebkalimit, adresa juaj e IP do t\u00eb p\u00ebrfshihet n\u00eb email.<\/p><h2 class=\"wp-block-heading\">P\u00ebr sa koh\u00eb i ruajm\u00eb t\u00eb dh\u00ebnat tuaja<\/h2><p><strong class=\"privacy-policy-tutorial\">Teksti i sugjeruar:<\/strong> N\u00ebse vendosni nj\u00eb koment, komenti dhe t\u00eb dh\u00ebnat e tij ruhen p\u00ebr nj\u00eb koh\u00eb t\u00eb pacaktuar. K\u00ebt\u00eb e b\u00ebjm\u00eb n\u00eb m\u00ebnyr\u00eb q\u00eb t\u00eb njohim dhe t\u00eb aprovojm\u00eb automatikisht komente t\u00eb tjera pasuese n\u00eb vend q\u00eb t&#8217;i mbajn\u00eb n\u00eb rradh\u00eb p\u00ebr moderim.<\/p><p>P\u00ebr p\u00ebrdoruesit q\u00eb rregjistrohen n\u00eb faqen ton\u00eb t\u00eb internetit (n\u00ebse ka), ne gjithashtu ruajm\u00eb informacionin personal q\u00eb ata japin n\u00eb profilet e tyre t\u00eb p\u00ebrdoruesve, T\u00eb gjith\u00eb p\u00ebrdoruesit mund t\u00eb shikojn\u00eb, modifikojn\u00eb ose t\u00eb fshijn\u00eb t\u00eb dh\u00ebnat e tyre personale n\u00eb \u00e7do koh\u00eb (p\u00ebrve\u00e7 q\u00eb nuk mund t\u00eb ndryshojn\u00eb emrin e p\u00ebrdoruesit). Administrator\u00ebt e faqes s\u00eb internetit gjithashtu mund t\u00eb shikojn\u00eb dhe t\u00eb modifikojn\u00eb k\u00ebto informacione.<\/p><h2 class=\"wp-block-heading\">\u00c7far\u00eb t\u00eb drejtash keni n\u00eb lidhje me t\u00eb dh\u00ebnat tuaja<\/h2><p><strong class=\"privacy-policy-tutorial\">Teksti i sugjeruar:<\/strong> N\u00ebse keni nj\u00eb llogari n\u00eb k\u00ebt\u00eb faqe interneti, ose n\u00ebse keni shkruar komente, mund t\u00eb k\u00ebrkoni t\u00eb merrni nj\u00eb skedar eksporti t\u00eb t\u00eb dh\u00ebnave personale q\u00eb mbajm\u00eb p\u00ebr ju, duke p\u00ebrfshir\u00eb t\u00eb gjitha t\u00eb dh\u00ebnat q\u00eb keni dh\u00ebn\u00eb. Gjithashtu, mund t\u00eb k\u00ebrkoni fshirjen e t\u00eb gjitha t\u00eb dh\u00ebnave personale q\u00eb kemi rreth jush. Kjo nuk p\u00ebrfshin asnj\u00eb t\u00eb dh\u00ebn\u00eb q\u00eb na k\u00ebrkohet t\u00eb mbajm\u00eb p\u00ebr q\u00ebllime administrative, ligjore ose sigurie.<\/p><h2 class=\"wp-block-heading\">Ku d\u00ebrgohen t\u00eb dh\u00ebnat tuaja?<\/h2><p><strong class=\"privacy-policy-tutorial\">Teksti i sugjeruar:<\/strong> Komentet e vizitor\u00ebv\u00eb mund t\u00eb rishikohen nga nj\u00eb sh\u00ebrbim i automatizuar i zbulimit t\u00eb spamit.<\/p>","protected":false},"excerpt":{"rendered":"<p>Kush jemi ne Teksti i sugjeruar: Adresa e faqes ton\u00eb t\u00eb internetit \u00ebsht\u00eb: https:\/\/www.infoselix.com. Komentet Teksti i sugjeruar: Kur vizitor\u00ebt shkruajn\u00eb komente n\u00eb faqen e internetit, ne mbledhim t\u00eb dh\u00ebnat e shfaqura n\u00eb form\u00ebn e komenteve dhe gjithashtu adres\u00ebn IP t\u00eb vizitorit si dhe vargun e agjentit t\u00eb shfletimit t\u00eb p\u00ebrdoruesit n\u00eb m\u00ebnyr\u00eb q\u00eb t\u00eb &hellip;<\/p>\n<p class=\"read-more\"> <a class=\"\" href=\"https:\/\/www.infoselix.com\/sq\/rregullat-e-privatesise\/\"> <span class=\"screen-reader-text\">Rregullat e privat\u00ebsis\u00eb<\/span> Read More &raquo;<\/a><\/p>\n","protected":false},"author":1,"featured_media":0,"parent":0,"menu_order":0,"comment_status":"closed","ping_status":"closed","template":"","meta":{"_uag_custom_page_level_css":"","site-sidebar-layout":"default","site-content-layout":"default","ast-global-header-display":"","ast-main-header-display":"","ast-hfb-above-header-display":"","ast-hfb-below-header-display":"","ast-hfb-mobile-header-display":"","site-post-title":"","ast-breadcrumbs-content":"","ast-featured-img":"","footer-sml-layout":"","theme-transparent-header-meta":"","adv-header-id-meta":"","stick-header-meta":"","header-above-stick-meta":"","header-main-stick-meta":"","header-below-stick-meta":"","footnotes":""},"class_list":["post-2075","page","type-page","status-publish","hentry"],"uagb_featured_image_src":{"full":false,"thumbnail":false,"medium":false,"medium_large":false,"large":false,"1536x1536":false,"2048x2048":false},"uagb_author_info":{"display_name":"hm","author_link":"https:\/\/www.infoselix.com\/sq\/author\/hm\/"},"uagb_comment_info":0,"uagb_excerpt":"Kush jemi ne Teksti i sugjeruar: Adresa e faqes ton\u00eb t\u00eb internetit \u00ebsht\u00eb: https:\/\/www.infoselix.com. Komentet Teksti i sugjeruar: Kur vizitor\u00ebt shkruajn\u00eb komente n\u00eb faqen e internetit, ne mbledhim t\u00eb dh\u00ebnat e shfaqura n\u00eb form\u00ebn e komenteve dhe gjithashtu adres\u00ebn IP t\u00eb vizitorit si dhe vargun e agjentit t\u00eb shfletimit t\u00eb p\u00ebrdoruesit n\u00eb m\u00ebnyr\u00eb q\u00eb t\u00eb&hellip;","_links":{"self":[{"href":"https:\/\/www.infoselix.com\/sq\/wp-json\/wp\/v2\/pages\/2075","targetHints":{"allow":["GET"]}}],"collection":[{"href":"https:\/\/www.infoselix.com\/sq\/wp-json\/wp\/v2\/pages"}],"about":[{"href":"https:\/\/www.infoselix.com\/sq\/wp-json\/wp\/v2\/types\/page"}],"author":[{"embeddable":true,"href":"https:\/\/www.infoselix.com\/sq\/wp-json\/wp\/v2\/users\/1"}],"replies":[{"embeddable":true,"href":"https:\/\/www.infoselix.com\/sq\/wp-json\/wp\/v2\/comments?post=2075"}],"version-history":[{"count":1,"href":"https:\/\/www.infoselix.com\/sq\/wp-json\/wp\/v2\/pages\/2075\/revisions"}],"predecessor-version":[{"id":2076,"href":"https:\/\/www.infoselix.com\/sq\/wp-json\/wp\/v2\/pages\/2075\/revisions\/2076"}],"wp:attachment":[{"href":"https:\/\/www.infoselix.com\/sq\/wp-json\/wp\/v2\/media?parent=2075"}],"curies":[{"name":"wp","href":"https:\/\/api.w.org\/{rel}","templated":true}]}}