{"id":2069,"date":"2023-01-12T11:37:28","date_gmt":"2023-01-12T10:37:28","guid":{"rendered":"https:\/\/www.infoselix.com\/punesim\/"},"modified":"2023-02-11T03:23:16","modified_gmt":"2023-02-11T02:23:16","slug":"punesim","status":"publish","type":"page","link":"https:\/\/www.infoselix.com\/sq\/punesim\/","title":{"rendered":"Pun\u00ebsim"},"content":{"rendered":"\n<div class=\"wp-block-uagb-container uagb-block-e95b78fe alignfull uagb-is-root-container\"><div class=\"uagb-container-inner-blocks-wrap\">\n<div class=\"wp-block-uagb-info-box uagb-block-5258d229 uagb-infobox__content-wrap  uagb-infobox-icon-above-title uagb-infobox-image-valign-top\" data-aos=\"slide-left\"><div class=\"uagb-ifb-content\"><div class=\"uagb-ifb-separator\"><\/div><div class=\"uagb-ifb-title-wrap\"><h1 class=\"uagb-ifb-title\">Pun\u00ebsim<\/h1><\/div><\/div><\/div>\n<\/div><\/div>\n\n\n\n<div class=\"wp-block-uagb-container uagb-block-8ebca718 alignfull uagb-is-root-container\"><div class=\"uagb-container-inner-blocks-wrap\">\n<div class=\"wp-block-uagb-advanced-heading uagb-block-81c9f685\" data-aos=\"slide-up\"><h2 class=\"uagb-heading-text\">Si mund t&#8217;ju ndihmojm\u00eb?<\/h2><\/div>\n<\/div><\/div>\n\n\n\n<div class=\"wp-block-uagb-container uagb-block-e5b47513 alignfull uagb-is-root-container\"><div class=\"uagb-container-inner-blocks-wrap\">\n<div class=\"wp-block-uagb-container uagb-block-023552da\">\n<div class=\"wp-block-uagb-advanced-heading uagb-block-669f7e6d\" data-aos=\"flip-up\"><h4 class=\"uagb-heading-text\">Sektori sh\u00ebndet\u00ebsor<\/h4><p class=\"uagb-desc-text\">Ne kemi kontakte t\u00eb drejtp\u00ebrdrejta me sektorin e sh\u00ebndet\u00ebsis\u00eb; Ju mund\u00ebsojm\u00eb punonj\u00ebsve sh\u00ebndet\u00ebsor t\u00eb marrin vendimet e duhura p\u00ebr veten e tyre.<\/p><\/div>\n<\/div>\n\n\n\n<div class=\"wp-block-uagb-container uagb-block-38220618\">\n<div class=\"wp-block-uagb-advanced-heading uagb-block-a57a33ee\" data-aos=\"flip-up\"><h4 class=\"uagb-heading-text\">Profili juaj<\/h4><p class=\"uagb-desc-text\">Nevojat tuaja i kuptojm\u00eb dhe rekomandojm\u00eb opsione n\u00eb p\u00ebrputhje me profilin tuaj. Falas dhe pa detyrime.<\/p><\/div>\n<\/div>\n\n\n\n<div class=\"wp-block-uagb-container uagb-block-fdf961a0\">\n<div class=\"wp-block-uagb-advanced-heading uagb-block-0423ef42\" data-aos=\"flip-up\"><h4 class=\"uagb-heading-text\">Gjetja e nj\u00eb pun\u00ebdh\u00ebn\u00ebsi<\/h4><p class=\"uagb-desc-text\">N\u00eb var\u00ebsi t\u00eb eksperienc\u00ebs tuaj, dhe ndonj\u00ebher\u00eb mund t\u00eb zgjidhni pun\u00ebdh\u00ebn\u00ebsin q\u00eb ju p\u00ebrshtatet.<\/p><\/div>\n<\/div>\n<\/div><\/div>\n\n\n\n<div class=\"wp-block-uagb-container uagb-block-5a944be6 alignfull uagb-is-root-container\"><div class=\"uagb-container-inner-blocks-wrap\">\n<div class=\"wp-block-uagb-advanced-heading uagb-block-dcab9057\"><h2 class=\"uagb-heading-text\">Aplikoni duke p\u00ebrdorur formularin<\/h2><\/div>\n<\/div><\/div>\n\n\n\n<div class=\"wp-block-uagb-container uagb-block-df16bace alignfull uagb-is-root-container\"><div class=\"uagb-container-inner-blocks-wrap\">\n<div class=\"wp-block-contact-form-7-contact-form-selector\">\n<div class=\"wpcf7 no-js\" id=\"wpcf7-f2175-o1\" lang=\"sq-AL\" dir=\"ltr\">\n<div class=\"screen-reader-response\"><p role=\"status\" aria-live=\"polite\" aria-atomic=\"true\"><\/p> <ul><\/ul><\/div>\n<form action=\"\/sq\/wp-json\/wp\/v2\/pages\/2069#wpcf7-f2175-o1\" method=\"post\" class=\"wpcf7-form init\" aria-label=\"Contact form\" novalidate=\"novalidate\" data-status=\"init\">\n<div style=\"display: none;\">\n<input type=\"hidden\" name=\"_wpcf7\" value=\"2175\" \/>\n<input type=\"hidden\" name=\"_wpcf7_version\" value=\"5.9.6\" \/>\n<input type=\"hidden\" name=\"_wpcf7_locale\" value=\"sq_AL\" \/>\n<input type=\"hidden\" name=\"_wpcf7_unit_tag\" value=\"wpcf7-f2175-o1\" \/>\n<input type=\"hidden\" name=\"_wpcf7_container_post\" value=\"0\" \/>\n<input type=\"hidden\" name=\"_wpcf7_posted_data_hash\" value=\"\" \/>\n<\/div>\n<div class=\"first-row\">\n\t<div class=\"column-left-1\">\n\t\t<p><label> Emri:<br \/>\n<span class=\"wpcf7-form-control-wrap\" data-name=\"Ime\"><input size=\"40\" maxlength=\"80\" class=\"wpcf7-form-control wpcf7-text wpcf7-validates-as-required\" aria-required=\"true\" aria-invalid=\"false\" value=\"\" type=\"text\" name=\"Ime\" \/><\/span> <\/label>\n\t\t<\/p>\n\t<\/div>\n\t<div class=\"column-right-1\">\n\t\t<p><label> Mbiemri:<br \/>\n<span class=\"wpcf7-form-control-wrap\" data-name=\"Prezime\"><input size=\"40\" maxlength=\"80\" class=\"wpcf7-form-control wpcf7-text wpcf7-validates-as-required\" aria-required=\"true\" aria-invalid=\"false\" value=\"\" type=\"text\" name=\"Prezime\" \/><\/span> <\/label>\n\t\t<\/p>\n\t<\/div>\n<\/div>\n<p><label> Kompania:<br \/>\n<span class=\"wpcf7-form-control-wrap\" data-name=\"text-firma\"><input size=\"40\" maxlength=\"80\" class=\"wpcf7-form-control wpcf7-text\" aria-invalid=\"false\" value=\"\" type=\"text\" name=\"text-firma\" \/><\/span> <\/label>\n<\/p>\n<div class=\"first-row\">\n\t<div class=\"column-left-1\">\n\t\t<p><label> Numri i telefonit:<br \/>\n<span class=\"wpcf7-form-control-wrap\" data-name=\"Telefon\"><input size=\"40\" maxlength=\"80\" class=\"wpcf7-form-control wpcf7-tel wpcf7-validates-as-required wpcf7-text wpcf7-validates-as-tel\" aria-required=\"true\" aria-invalid=\"false\" value=\"\" type=\"tel\" name=\"Telefon\" \/><\/span> <\/label>\n\t\t<\/p>\n\t<\/div>\n\t<div class=\"column-right-1\">\n\t\t<p><label> Adresa e-mail:<br \/>\n<span class=\"wpcf7-form-control-wrap\" data-name=\"your-email\"><input size=\"40\" maxlength=\"80\" class=\"wpcf7-form-control wpcf7-email wpcf7-validates-as-required wpcf7-text wpcf7-validates-as-email\" aria-required=\"true\" aria-invalid=\"false\" value=\"\" type=\"email\" name=\"your-email\" \/><\/span> <\/label>\n\t\t<\/p>\n\t<\/div>\n<\/div>\n<div class=\"first-row\">\n\t<div class=\"column-left-1\">\n\t\t<p><label> Rruga dhe numri<br \/>\n<span class=\"wpcf7-form-control-wrap\" data-name=\"ulicabroj\"><input size=\"40\" maxlength=\"80\" class=\"wpcf7-form-control wpcf7-text wpcf7-validates-as-required\" id=\"ulicabroj\" aria-required=\"true\" aria-invalid=\"false\" value=\"\" type=\"text\" name=\"ulicabroj\" \/><\/span><br \/>\n<\/label>\n\t\t<\/p>\n\t<\/div>\n\t<div class=\"column-right-1\">\n\t\t<p><label> Kodi Postal<br \/>\n<span class=\"wpcf7-form-control-wrap\" data-name=\"ppt\"><input size=\"40\" maxlength=\"80\" class=\"wpcf7-form-control wpcf7-text wpcf7-validates-as-required\" id=\"ppt\" aria-required=\"true\" aria-invalid=\"false\" value=\"\" type=\"text\" name=\"ppt\" \/><\/span><br \/>\n<\/label>\n\t\t<\/p>\n\t<\/div>\n<\/div>\n<div class=\"first-row\">\n\t<div class=\"column-left-1\">\n\t\t<p><label> Qyteti<br \/>\n<span class=\"wpcf7-form-control-wrap\" data-name=\"grad\"><input size=\"40\" maxlength=\"80\" class=\"wpcf7-form-control wpcf7-text wpcf7-validates-as-required\" id=\"grad\" aria-required=\"true\" aria-invalid=\"false\" value=\"\" type=\"text\" name=\"grad\" \/><\/span><br \/>\n<\/label>\n\t\t<\/p>\n\t<\/div>\n\t<div class=\"column-right-1\">\n\t\t<p><label> Vendi<br \/>\n<span class=\"wpcf7-form-control-wrap\" data-name=\"drzava\"><input size=\"40\" maxlength=\"80\" class=\"wpcf7-form-control wpcf7-text wpcf7-validates-as-required\" id=\"drzava\" aria-required=\"true\" aria-invalid=\"false\" value=\"\" type=\"text\" name=\"drzava\" \/><\/span><br \/>\n<\/label>\n\t\t<\/p>\n\t<\/div>\n<\/div>\n<div class=\"first-row\">\n\t<div class=\"column-left-1\">\n\t\t<p><label> Niveli i njohjes s\u00eb gjuh\u00ebs gjermane:<\/label><br \/>\n<span class=\"wpcf7-form-control-wrap\" data-name=\"checkbox-436\"><span class=\"wpcf7-form-control wpcf7-checkbox\"><span class=\"wpcf7-list-item first\"><label><input type=\"checkbox\" name=\"checkbox-436[]\" value=\"A1\" \/><span class=\"wpcf7-list-item-label\">A1<\/span><\/label><\/span><span class=\"wpcf7-list-item\"><label><input type=\"checkbox\" name=\"checkbox-436[]\" value=\"A2\" \/><span class=\"wpcf7-list-item-label\">A2<\/span><\/label><\/span><span class=\"wpcf7-list-item\"><label><input type=\"checkbox\" name=\"checkbox-436[]\" value=\"B1\" \/><span class=\"wpcf7-list-item-label\">B1<\/span><\/label><\/span><span class=\"wpcf7-list-item\"><label><input type=\"checkbox\" name=\"checkbox-436[]\" value=\"B2\" \/><span class=\"wpcf7-list-item-label\">B2<\/span><\/label><\/span><span class=\"wpcf7-list-item last\"><label><input type=\"checkbox\" name=\"checkbox-436[]\" value=\"Vi\u0161i nivo\" \/><span class=\"wpcf7-list-item-label\">Vi\u0161i nivo<\/span><\/label><\/span><\/span><\/span>\n\t\t<\/p>\n\t<\/div>\n\t<div class=\"column-right-1\">\n\t\t<p><label> Kush na rekomandoi?<br \/>\n<span class=\"wpcf7-form-control-wrap\" data-name=\"preporuka\"><input size=\"40\" maxlength=\"80\" class=\"wpcf7-form-control wpcf7-text wpcf7-validates-as-required\" id=\"preporuka\" aria-required=\"true\" aria-invalid=\"false\" value=\"\" type=\"text\" name=\"preporuka\" \/><\/span><br \/>\n<\/label>\n\t\t<\/p>\n\t<\/div>\n<\/div>\n<p>Mohim p\u00ebrgjegj\u00ebsie: T\u00eb dh\u00ebnat tuaja trajtohen n\u00eb p\u00ebrputhje me Aktin e Mbrojtjes s\u00eb t\u00eb Dh\u00ebnave Personale. T\u00eb dh\u00ebnat do t\u00eb p\u00ebrdoren p\u00ebr q\u00ebllimin e pun\u00ebsimit tuaj n\u00eb nj\u00eb nga institucionet apo kompanit\u00eb sh\u00ebndet\u00ebsore ose t\u00eb tjera dhe nuk mund t\u00eb p\u00ebrdoren p\u00ebr q\u00ebllime t\u00eb tjera. Duke u regjistruar, ju pranoni p\u00ebrpunimin dhe transferimin e t\u00eb dh\u00ebnave personale n\u00eb Evrop\u00eb.\n<\/p>\n<div class=\"send\">\n\t<p><input class=\"wpcf7-form-control wpcf7-submit has-spinner\" type=\"submit\" value=\"Po\u0161alji\" \/>\n\t<\/p>\n<\/div><div class=\"wpcf7-response-output\" aria-hidden=\"true\"><\/div>\n<\/form>\n<\/div>\n<\/div>\n<\/div><\/div>\n\n\n\n<div class=\"wp-block-uagb-container uagb-block-f36cbd5e alignfull uagb-is-root-container\"><div class=\"uagb-container-inner-blocks-wrap\">\n<div class=\"wp-block-uagb-container uagb-block-35d766b5\">\n<div class=\"wp-block-uagb-container uagb-block-b6c5b724\">\n<div class=\"wp-block-uagb-info-box uagb-block-41721c58 uagb-infobox__content-wrap  uagb-infobox-icon-above-title uagb-infobox-image-valign-top\" data-aos=\"fade-up-right\"><div class=\"uagb-ifb-content\"><div class=\"uagb-ifb-title-wrap\"><h3 class=\"uagb-ifb-title\">A k\u00ebrkoni pun\u00ebsim n\u00eb Gjermani?<\/h3><\/div><p class=\"uagb-ifb-desc\">Detyra jon\u00eb \u00ebsht\u00eb t\u00eb gjejm\u00eb pun\u00ebdh\u00ebn\u00ebs q\u00eb i p\u00ebrshatet profilit tuaj. Provoni fatin tuaj dhe p\u00ebrfitoni nga nj\u00eb shans!<\/p><\/div><\/div>\n\n\n\n<div class=\"wp-block-uagb-buttons uagb-buttons__outer-wrap uagb-btn__default-btn uagb-btn-tablet__default-btn uagb-btn-mobile__default-btn uagb-block-bda6f9ca\"><div class=\"uagb-buttons__wrap uagb-buttons-layout-wrap\">\n<div class=\"wp-block-uagb-buttons-child uagb-buttons__outer-wrap uagb-block-a64e3be1 wp-block-button is-style-outline\" data-aos=\"fade-up-right\"><div class=\"uagb-button__wrapper\"><a class=\"uagb-buttons-repeater wp-block-button__link has-background\" href=\"https:\/\/www.infoselix.com\/sq\/kontakti\/\" onclick=\"return true;\" rel=\"follow noopener\" target=\"_self\"><div class=\"uagb-button__link\">Kontakti<\/div><\/a><\/div><\/div>\n<\/div><\/div>\n<\/div>\n\n\n\n<div class=\"wp-block-uagb-container uagb-block-0b245b95\">\n<div class=\"wp-block-uagb-image alignright uagb-block-2867e06f wp-block-uagb-image--layout-default wp-block-uagb-image--effect-static wp-block-uagb-image--align-right\" data-aos=\"fade-up-right\"><figure class=\"wp-block-uagb-image__figure\"><img decoding=\"async\" srcset=\"https:\/\/www.infoselix.com\/wp-content\/uploads\/2023\/01\/Medicinska-njega-Njemacka.webp ,https:\/\/www.infoselix.com\/wp-content\/uploads\/2021\/05\/cta-img.jpg 780w\" src=\"https:\/\/www.infoselix.com\/wp-content\/uploads\/2023\/01\/Medicinska-njega-Njemacka.webp\" alt=\"\" class=\"uag-image-2009\" width=\"\" height=\"\" title=\"\" loading=\"lazy\"\/><\/figure><\/div>\n<\/div>\n<\/div>\n\n\n\n<div class=\"wp-block-uagb-container uagb-block-6dc1694b alignfull uagb-is-root-container\"><div class=\"uagb-container-inner-blocks-wrap\">\n<div class=\"wp-block-uagb-advanced-heading uagb-block-e07db3c8\"><h2 class=\"uagb-heading-text\">Pyetjet m\u00eb t\u00eb shpeshta<\/h2><p class=\"uagb-desc-text\">Pyetjet baz\u00eb dhe p\u00ebrgjigjet p\u00ebr t\u00eb kuptuar m\u00eb leht\u00eb projektin InfoSelix<\/p><\/div>\n\n\n\n<div class=\"wp-block-uagb-faq uagb-faq__outer-wrap uagb-block-20fb09f8 uagb-faq-icon-row uagb-faq-layout-accordion uagb-faq-expand-first-false uagb-faq-inactive-other-true uagb-faq__wrap uagb-buttons-layout-wrap uagb-faq-equal-height\" data-faqtoggle=\"true\" role=\"tablist\"><script type=\"application\/ld+json\">{\"@context\":\"https:\/\/schema.org\",\"@type\":\"FAQPage\",\"@id\":\"https:\/\/www.infoselix.com\/sq\/punesim\/\",\"mainEntity\":[{\"@type\":\"Question\",\"name\":\"Si mund t\u00eb b\u00ebheni pjes\u00eb e ekipit?\",\"acceptedAnswer\":{\"@type\":\"Answer\",\"text\":\"Hapi i par\u00eb \u00ebsht\u00eb plot\u00ebsimi i pyet\u00ebsorit n\u00eb aplikacionin Infoselix. Futni informacionin baz\u00eb mbi veten dhe arsimin tuaj, dhe n\u00ebse keni eksperienc\u00eb (eksperienca nuk \u00ebsht\u00eb e detyrueshme), si dhe pritshm\u00ebrit\u00eb tuaja. Kushti p\u00ebr aplikimin tuaj \u00ebsht\u00eb t\u00eb keni nj\u00eb diplom\u00eb t\u00eb shkoll\u00ebs mjek\u00ebsore ose nj\u00eb nivel arsimor t\u00eb lart\u00eb.\"}},{\"@type\":\"Question\",\"name\":\"A \u00ebsht\u00eb e nevojshm\u00eb njohja e gjuh\u00ebs Gjermane p\u00ebr t\u00eb aplikuar?\",\"acceptedAnswer\":{\"@type\":\"Answer\",\"text\":\"Nuk \u00ebsht\u00eb e nevojshme njohja e gjuh\u00ebs Gjermane p\u00ebr t'u b\u00ebr\u00eb pjes\u00eb e ekipit. Por, n\u00ebse e njihni gjuh\u00ebn Gjermane,\u00a0 kjo gj\u00eb do t\u00eb p\u00ebrshpejtoj\u00eb procesin tuaj p\u00ebr t'u nisur p\u00ebr n\u00eb Gjermani. P\u00ebr viz\u00ebn k\u00ebrkohet nj\u00eb nivel minimal B1 t\u00eb njohurive t\u00eb gjuh\u00ebs. Ne mund t'ju nidhmojm\u00eb t\u00eb gjeni nj\u00eb kurs t\u00eb p\u00ebrshtatsh\u00ebm online p\u00ebr m\u00ebsimin e gjuh\u00ebs Gjermane. Vet\u00ebm \u00ebsht\u00eb e nevojshme q\u00eb t\u00eb n'a kontaktoni me an\u00eb t\u00eb aplikacionit Infoselix.\"}},{\"@type\":\"Question\",\"name\":\"Ju mund t\u00eb pyesni veten se si mund t'ju ndihmojm\u00eb?\",\"acceptedAnswer\":{\"@type\":\"Answer\",\"text\":\"Mb\u00ebshtetja jon\u00eb do t\u00eb jet\u00eb n\u00eb vazhdim\u00ebsi, q\u00eb nga rregjistrimi juaj n\u00eb faqen e internetit deri te udh\u00ebtimi juaj p\u00ebr n\u00eb Gjermani.\"}},{\"@type\":\"Question\",\"name\":\"Cilat jan\u00eb detyrimet tuaja?\",\"acceptedAnswer\":{\"@type\":\"Answer\",\"text\":\"Aplikacioni Infoselix \u00ebsht\u00eb falas p\u00ebr t\u00eb gjith\u00eb p\u00ebrdoruesit, pa shpenzime t\u00eb fshehta. Megjithat\u00eb, ne presim q\u00eb ju t\u00eb ndiqni qasjen ton\u00eb me p\u00ebrkushtim, me sinqeritet dhe me p\u00ebrpjekje personale p\u00ebr t\u00eb p\u00ebrfunduar t\u00eb gjitha hapat n\u00eb koh\u00eb.\"}},{\"@type\":\"Question\",\"name\":\"Un\u00eb jam mbi 45 vje\u00e7. A\u00a0 mund t\u00eb p\u00ebrfshihem dhe un\u00eb?\",\"acceptedAnswer\":{\"@type\":\"Answer\",\"text\":\"N\u00eb p\u00ebrgjith\u00ebsi, t\u00eb gjith\u00eb mund t\u00eb rregjistrohen n\u00eb Infoselix.com. Megjithat\u00eb, p\u00ebr personat mbi 45 vje\u00e7 \u00ebsht\u00eb pak m\u00eb e v\u00ebshtir\u00eb t\u00eb gjejn\u00eb pun\u00ebdh\u00ebn\u00ebs, por gjithsesi \u00ebsht\u00eb e mundur. Provoni \u2013 nuk humbisni asgj\u00eb!\"}}]}<\/script>\n<div class=\"wp-block-uagb-faq-child uagb-faq-child__outer-wrap uagb-faq-item uagb-block-0df72da2\" role=\"tab\" tabindex=\"0\"><div class=\"uagb-faq-questions-button uagb-faq-questions\"><span class=\"uagb-icon uagb-faq-icon-wrap\"><svg xmlns=\"https:\/\/www.w3.org\/2000\/svg\" viewBox=\"0 0 448 512\"><path d=\"M432 256c0 17.69-14.33 32.01-32 32.01H256v144c0 17.69-14.33 31.99-32 31.99s-32-14.3-32-31.99v-144H48c-17.67 0-32-14.32-32-32.01s14.33-31.99 32-31.99H192v-144c0-17.69 14.33-32.01 32-32.01s32 14.32 32 32.01v144h144C417.7 224 432 238.3 432 256z\"><\/path><\/svg><\/span><span class=\"uagb-icon-active uagb-faq-icon-wrap\"><svg xmlns=\"https:\/\/www.w3.org\/2000\/svg\" viewBox=\"0 0 448 512\"><path d=\"M400 288h-352c-17.69 0-32-14.32-32-32.01s14.31-31.99 32-31.99h352c17.69 0 32 14.3 32 31.99S417.7 288 400 288z\"><\/path><\/svg><\/span><span class=\"uagb-question\">Si mund t\u00eb b\u00ebheni pjes\u00eb e ekipit?<\/span><\/div><p class=\"uagb-faq-content\">Hapi i par\u00eb \u00ebsht\u00eb plot\u00ebsimi i pyet\u00ebsorit n\u00eb aplikacionin Infoselix. Futni informacionin baz\u00eb mbi veten dhe arsimin tuaj, dhe n\u00ebse keni eksperienc\u00eb (eksperienca nuk \u00ebsht\u00eb e detyrueshme), si dhe pritshm\u00ebrit\u00eb tuaja. Kushti p\u00ebr aplikimin tuaj \u00ebsht\u00eb t\u00eb keni nj\u00eb diplom\u00eb t\u00eb shkoll\u00ebs mjek\u00ebsore ose nj\u00eb nivel arsimor t\u00eb lart\u00eb.<\/p><\/div>\n\n\n\n<div class=\"wp-block-uagb-faq-child uagb-faq-child__outer-wrap uagb-faq-item uagb-block-9a058830\" role=\"tab\" tabindex=\"0\"><div class=\"uagb-faq-questions-button uagb-faq-questions\"><span class=\"uagb-icon uagb-faq-icon-wrap\"><svg xmlns=\"https:\/\/www.w3.org\/2000\/svg\" viewBox=\"0 0 448 512\"><path d=\"M432 256c0 17.69-14.33 32.01-32 32.01H256v144c0 17.69-14.33 31.99-32 31.99s-32-14.3-32-31.99v-144H48c-17.67 0-32-14.32-32-32.01s14.33-31.99 32-31.99H192v-144c0-17.69 14.33-32.01 32-32.01s32 14.32 32 32.01v144h144C417.7 224 432 238.3 432 256z\"><\/path><\/svg><\/span><span class=\"uagb-icon-active uagb-faq-icon-wrap\"><svg xmlns=\"https:\/\/www.w3.org\/2000\/svg\" viewBox=\"0 0 448 512\"><path d=\"M400 288h-352c-17.69 0-32-14.32-32-32.01s14.31-31.99 32-31.99h352c17.69 0 32 14.3 32 31.99S417.7 288 400 288z\"><\/path><\/svg><\/span><span class=\"uagb-question\">A \u00ebsht\u00eb e nevojshm\u00eb njohja e gjuh\u00ebs Gjermane p\u00ebr t\u00eb aplikuar?<\/span><\/div><p class=\"uagb-faq-content\">Nuk \u00ebsht\u00eb e nevojshme njohja e gjuh\u00ebs Gjermane p\u00ebr t&#8217;u b\u00ebr\u00eb pjes\u00eb e ekipit. Por, n\u00ebse e njihni gjuh\u00ebn Gjermane,\u00a0 kjo gj\u00eb do t\u00eb p\u00ebrshpejtoj\u00eb procesin tuaj p\u00ebr t&#8217;u nisur p\u00ebr n\u00eb Gjermani. P\u00ebr viz\u00ebn k\u00ebrkohet nj\u00eb nivel minimal B1 t\u00eb njohurive t\u00eb gjuh\u00ebs. Ne mund t&#8217;ju nidhmojm\u00eb t\u00eb gjeni nj\u00eb kurs t\u00eb p\u00ebrshtatsh\u00ebm online p\u00ebr m\u00ebsimin e gjuh\u00ebs Gjermane. Vet\u00ebm \u00ebsht\u00eb e nevojshme q\u00eb t\u00eb n&#8217;a kontaktoni me an\u00eb t\u00eb aplikacionit Infoselix.<\/p><\/div>\n\n\n\n<div class=\"wp-block-uagb-faq-child uagb-faq-child__outer-wrap uagb-faq-item uagb-block-09868ff4\" role=\"tab\" tabindex=\"0\"><div class=\"uagb-faq-questions-button uagb-faq-questions\"><span class=\"uagb-icon uagb-faq-icon-wrap\"><svg xmlns=\"https:\/\/www.w3.org\/2000\/svg\" viewBox=\"0 0 448 512\"><path d=\"M432 256c0 17.69-14.33 32.01-32 32.01H256v144c0 17.69-14.33 31.99-32 31.99s-32-14.3-32-31.99v-144H48c-17.67 0-32-14.32-32-32.01s14.33-31.99 32-31.99H192v-144c0-17.69 14.33-32.01 32-32.01s32 14.32 32 32.01v144h144C417.7 224 432 238.3 432 256z\"><\/path><\/svg><\/span><span class=\"uagb-icon-active uagb-faq-icon-wrap\"><svg xmlns=\"https:\/\/www.w3.org\/2000\/svg\" viewBox=\"0 0 448 512\"><path d=\"M400 288h-352c-17.69 0-32-14.32-32-32.01s14.31-31.99 32-31.99h352c17.69 0 32 14.3 32 31.99S417.7 288 400 288z\"><\/path><\/svg><\/span><span class=\"uagb-question\">Ju mund t\u00eb pyesni veten se si mund t&#8217;ju ndihmojm\u00eb?<\/span><\/div><p class=\"uagb-faq-content\">Mb\u00ebshtetja jon\u00eb do t\u00eb jet\u00eb n\u00eb vazhdim\u00ebsi, q\u00eb nga rregjistrimi juaj n\u00eb faqen e internetit deri te udh\u00ebtimi juaj p\u00ebr n\u00eb Gjermani.<\/p><\/div>\n\n\n\n<div class=\"wp-block-uagb-faq-child uagb-faq-child__outer-wrap uagb-faq-item uagb-block-9097b17e\" role=\"tab\" tabindex=\"0\"><div class=\"uagb-faq-questions-button uagb-faq-questions\"><span class=\"uagb-icon uagb-faq-icon-wrap\"><svg xmlns=\"https:\/\/www.w3.org\/2000\/svg\" viewBox=\"0 0 448 512\"><path d=\"M432 256c0 17.69-14.33 32.01-32 32.01H256v144c0 17.69-14.33 31.99-32 31.99s-32-14.3-32-31.99v-144H48c-17.67 0-32-14.32-32-32.01s14.33-31.99 32-31.99H192v-144c0-17.69 14.33-32.01 32-32.01s32 14.32 32 32.01v144h144C417.7 224 432 238.3 432 256z\"><\/path><\/svg><\/span><span class=\"uagb-icon-active uagb-faq-icon-wrap\"><svg xmlns=\"https:\/\/www.w3.org\/2000\/svg\" viewBox=\"0 0 448 512\"><path d=\"M400 288h-352c-17.69 0-32-14.32-32-32.01s14.31-31.99 32-31.99h352c17.69 0 32 14.3 32 31.99S417.7 288 400 288z\"><\/path><\/svg><\/span><span class=\"uagb-question\">Cilat jan\u00eb detyrimet tuaja?<\/span><\/div><p class=\"uagb-faq-content\">Aplikacioni Infoselix \u00ebsht\u00eb falas p\u00ebr t\u00eb gjith\u00eb p\u00ebrdoruesit, pa shpenzime t\u00eb fshehta. Megjithat\u00eb, ne presim q\u00eb ju t\u00eb ndiqni qasjen ton\u00eb me p\u00ebrkushtim, me sinqeritet dhe me p\u00ebrpjekje personale p\u00ebr t\u00eb p\u00ebrfunduar t\u00eb gjitha hapat n\u00eb koh\u00eb.<\/p><\/div>\n\n\n\n<div class=\"wp-block-uagb-faq-child uagb-faq-child__outer-wrap uagb-faq-item uagb-block-2c6bea56\" role=\"tab\" tabindex=\"0\"><div class=\"uagb-faq-questions-button uagb-faq-questions\"><span class=\"uagb-icon uagb-faq-icon-wrap\"><svg xmlns=\"https:\/\/www.w3.org\/2000\/svg\" viewBox=\"0 0 448 512\"><path d=\"M432 256c0 17.69-14.33 32.01-32 32.01H256v144c0 17.69-14.33 31.99-32 31.99s-32-14.3-32-31.99v-144H48c-17.67 0-32-14.32-32-32.01s14.33-31.99 32-31.99H192v-144c0-17.69 14.33-32.01 32-32.01s32 14.32 32 32.01v144h144C417.7 224 432 238.3 432 256z\"><\/path><\/svg><\/span><span class=\"uagb-icon-active uagb-faq-icon-wrap\"><svg xmlns=\"https:\/\/www.w3.org\/2000\/svg\" viewBox=\"0 0 448 512\"><path d=\"M400 288h-352c-17.69 0-32-14.32-32-32.01s14.31-31.99 32-31.99h352c17.69 0 32 14.3 32 31.99S417.7 288 400 288z\"><\/path><\/svg><\/span><span class=\"uagb-question\">Un\u00eb jam mbi 45 vje\u00e7. A\u00a0 mund t\u00eb p\u00ebrfshihem dhe un\u00eb?<\/span><\/div><p class=\"uagb-faq-content\">N\u00eb p\u00ebrgjith\u00ebsi, t\u00eb gjith\u00eb mund t\u00eb rregjistrohen n\u00eb Infoselix.com. Megjithat\u00eb, p\u00ebr personat mbi 45 vje\u00e7 \u00ebsht\u00eb pak m\u00eb e v\u00ebshtir\u00eb t\u00eb gjejn\u00eb pun\u00ebdh\u00ebn\u00ebs, por gjithsesi \u00ebsht\u00eb e mundur. Provoni \u2013 nuk humbisni asgj\u00eb!<\/p><\/div>\n<\/div>\n<\/div><\/div>\n<\/div><\/div>\n","protected":false},"excerpt":{"rendered":"","protected":false},"author":1,"featured_media":0,"parent":0,"menu_order":0,"comment_status":"closed","ping_status":"closed","template":"","meta":{"_uag_custom_page_level_css":"","site-sidebar-layout":"no-sidebar","site-content-layout":"page-builder","ast-global-header-display":"","ast-main-header-display":"","ast-hfb-above-header-display":"","ast-hfb-below-header-display":"","ast-hfb-mobile-header-display":"","site-post-title":"disabled","ast-breadcrumbs-content":"","ast-featured-img":"disabled","footer-sml-layout":"","theme-transparent-header-meta":"enabled","adv-header-id-meta":"","stick-header-meta":"","header-above-stick-meta":"","header-main-stick-meta":"","header-below-stick-meta":"","footnotes":""},"class_list":["post-2069","page","type-page","status-publish","hentry"],"uagb_featured_image_src":{"full":false,"thumbnail":false,"medium":false,"medium_large":false,"large":false,"1536x1536":false,"2048x2048":false},"uagb_author_info":{"display_name":"hm","author_link":"https:\/\/www.infoselix.com\/sq\/author\/hm\/"},"uagb_comment_info":0,"uagb_excerpt":null,"_links":{"self":[{"href":"https:\/\/www.infoselix.com\/sq\/wp-json\/wp\/v2\/pages\/2069","targetHints":{"allow":["GET"]}}],"collection":[{"href":"https:\/\/www.infoselix.com\/sq\/wp-json\/wp\/v2\/pages"}],"about":[{"href":"https:\/\/www.infoselix.com\/sq\/wp-json\/wp\/v2\/types\/page"}],"author":[{"embeddable":true,"href":"https:\/\/www.infoselix.com\/sq\/wp-json\/wp\/v2\/users\/1"}],"replies":[{"embeddable":true,"href":"https:\/\/www.infoselix.com\/sq\/wp-json\/wp\/v2\/comments?post=2069"}],"version-history":[{"count":9,"href":"https:\/\/www.infoselix.com\/sq\/wp-json\/wp\/v2\/pages\/2069\/revisions"}],"predecessor-version":[{"id":2322,"href":"https:\/\/www.infoselix.com\/sq\/wp-json\/wp\/v2\/pages\/2069\/revisions\/2322"}],"wp:attachment":[{"href":"https:\/\/www.infoselix.com\/sq\/wp-json\/wp\/v2\/media?parent=2069"}],"curies":[{"name":"wp","href":"https:\/\/api.w.org\/{rel}","templated":true}]}}