{"id":2066,"date":"2023-01-15T11:38:10","date_gmt":"2023-01-15T10:38:10","guid":{"rendered":"https:\/\/www.infoselix.com\/rreth-nesh\/"},"modified":"2023-02-11T03:21:54","modified_gmt":"2023-02-11T02:21:54","slug":"rreth-nesh","status":"publish","type":"page","link":"https:\/\/www.infoselix.com\/sq\/rreth-nesh\/","title":{"rendered":"Rreth nesh"},"content":{"rendered":"\n<div class=\"wp-block-uagb-container uagb-block-3fd47d6c alignfull uagb-is-root-container\"><div class=\"uagb-container-inner-blocks-wrap\">\n<div class=\"wp-block-uagb-info-box uagb-block-053994ef uagb-infobox__content-wrap  uagb-infobox-icon-above-title uagb-infobox-image-valign-top\" data-aos=\"slide-left\" data-aos-delay=\"50\"><div class=\"uagb-ifb-content\"><div class=\"uagb-ifb-separator\"><\/div><div class=\"uagb-ifb-title-wrap\"><h1 class=\"uagb-ifb-title\">Rreth nesh<\/h1><\/div><\/div><\/div>\n<\/div><\/div>\n\n\n\n<div class=\"wp-block-uagb-container uag-blocks-common-selector uagb-block-1582468a alignfull uagb-is-root-container\"><div class=\"uagb-container-inner-blocks-wrap\">\n<div class=\"wp-block-uagb-container uag-blocks-common-selector uagb-block-d7baed9a\">\n<div class=\"wp-block-uagb-image uagb-block-7a64d28c wp-block-uagb-image--layout-default wp-block-uagb-image--effect-static wp-block-uagb-image--align-none\" data-aos=\"slide-right\"><figure class=\"wp-block-uagb-image__figure\"><img decoding=\"async\" srcset=\"https:\/\/www.infoselix.com\/wp-content\/uploads\/2023\/01\/Medicinska-sestra-Njemacka-1.webp \" src=\"https:\/\/www.infoselix.com\/wp-content\/uploads\/2023\/01\/Medicinska-sestra-Njemacka-1.webp\" alt=\"\" class=\"uag-image-2000\" width=\"\" height=\"\" title=\"\" loading=\"lazy\"\/><\/figure><\/div>\n<\/div>\n\n\n\n<div class=\"wp-block-uagb-container uagb-block-627ec495\">\n<div class=\"wp-block-uagb-advanced-heading uagb-block-9f61cdbd\" data-aos=\"slide-right\"><p class=\"uagb-heading-text\">Ne kemi kontakte direkte me sektorin e sh\u00ebndet\u00ebsis\u00eb; Ju mund\u00ebsojm\u00eb punonj\u00ebsve mjek\u00ebsor\u00eb t\u00eb marrin vendime t\u00eb drejta p\u00ebr veten e tyre dhe n\u00eb k\u00ebt\u00eb m\u00ebnyr\u00eb i&#8217;u ndihmojm\u00eb t\u00eb gjejn\u00eb rrug\u00ebn m\u00eb adekuate drejt Gjermanis\u00eb. Pse? Kjo metod\u00eb ofron mund\u00ebsi t\u00eb reja p\u00ebr pun\u00ebdh\u00ebn\u00ebsit, p\u00ebrmes nj\u00eb qasjeje jo standarde, p\u00ebr t\u00eb l\u00ebn\u00eb p\u00ebrshtypje pozitive tek punonj\u00ebsit e ardhsh\u00ebm.<br><br>Gjithashtu rrit mund\u00ebsin\u00eb q\u00eb punonj\u00ebsi t\u00eb q\u00ebndroj\u00eb n\u00eb vendin e tij t\u00eb pun\u00ebs p\u00ebr nj\u00eb periudh\u00eb m\u00eb t\u00eb gjat\u00eb kohore, n\u00eb var\u00ebsi t\u00eb d\u00ebshirave t\u00eb tij individuale dhe nevojave p\u00ebr punonj\u00ebs t\u00eb kualifikuar. Marr\u00ebdh\u00ebnia jon\u00eb \u00ebsht\u00eb t\u00eb q\u00ebnurit t\u00eb hapur dhe transparent q\u00eb nga fillimi si dhe bashk\u00ebpunimi i mir\u00eb.<\/p><\/div>\n\n\n\n<div class=\"wp-block-uagb-info-box uagb-block-b00612c8 uagb-infobox__content-wrap  uagb-infobox-icon-above-title uagb-infobox-image-valign-top\" data-aos=\"slide-right\" data-aos-delay=\"100\"><div class=\"uagb-ifb-content\"><div class=\"uagb-ifb-title-wrap\"><h3 class=\"uagb-ifb-title\">Ju ofrojm\u00eb<\/h3><\/div><p class=\"uagb-ifb-desc\">\u2013 Shp\u00ebrblim t\u00eb rregullt<br>\u2013 Atmosfer\u00eb t\u00eb shk\u00ebqyer pune<br>\u2013 Hyrje gjith\u00ebp\u00ebrfshir\u00ebse n\u00eb lidhje me pun\u00ebn<br>\u2013 Kushte t\u00eb mira pune<br>&#8211; Mund\u00ebsi p\u00ebr trajnime t\u00eb m\u00ebtejshme<br>\u2013 Bonus besnik\u00ebrie<br>\u2013 Parandalim sh\u00ebndet\u00ebsor nga pun\u00ebdh\u00ebn\u00ebsi<br>\u2013 Pjes\u00ebmarrje n\u00eb fitimet e kompanis\u00eb<br>\u2013 Sigurim pensioni<br>\u2013 Bonus fleksibiliteti<\/p><\/div><\/div>\n<\/div>\n<\/div><\/div>\n\n\n\n<div class=\"wp-block-uagb-container uagb-block-653cd26f alignfull uagb-is-root-container\"><div class=\"uagb-container-inner-blocks-wrap\">\n<div class=\"wp-block-uagb-advanced-heading uagb-block-3f8b2341\" data-aos=\"slide-up\"><h2 class=\"uagb-heading-text\">InfoSelix me ju<\/h2><\/div>\n<\/div><\/div>\n\n\n\n<div class=\"wp-block-uagb-container uagb-block-3d6e630a alignfull uagb-is-root-container\"><div class=\"uagb-container-inner-blocks-wrap\">\n<p data-aos=\"slide-up\">Nevojat tuaja jan\u00eb t\u00eb kuptuarit ton\u00eb dhe n\u00eb p\u00ebrputhje me to, ne rekomandojm\u00eb mund\u00ebsi ne lidhje me profilin tuaj. Pa asnj\u00eb detyrim n\u00eb aspektin finaciar. A d\u00ebshironi pun\u00ebsim sa m\u00eb shpejt n\u00eb Gjermani? \u2013 Ne mund t&#8217;ju gjejm\u00eb pun\u00eb. Apo d\u00ebshironi t\u00eb keni gjith\u00e7ka t\u00eb menduar dhe t\u00eb pregatitur? Varet nga ju!<\/p>\n<\/div><\/div>\n\n\n\n<div class=\"wp-block-uagb-container uagb-block-db6c8b49 alignfull uagb-is-root-container\"><div class=\"uagb-container-inner-blocks-wrap\"><\/div><\/div>\n\n\n\n<div class=\"wp-block-uagb-container uagb-block-6c1e58d9 alignfull uagb-is-root-container\"><div class=\"uagb-container-inner-blocks-wrap\">\n<div class=\"wp-block-uagb-container uagb-block-a2190f97\">\n<div class=\"wp-block-uagb-container uagb-block-e293a716\">\n<div class=\"wp-block-uagb-info-box uagb-block-b7be346b uagb-infobox__content-wrap  uagb-infobox-icon-above-title uagb-infobox-image-valign-top\" data-aos=\"slide-right\"><div class=\"uagb-ifb-content\"><div class=\"uagb-ifb-title-wrap\"><h3 class=\"uagb-ifb-title\">A po k\u00ebrkoni pun\u00eb si punonj\u00ebs mjek\u00ebsor?<\/h3><\/div><p class=\"uagb-ifb-desc\">Detyra jon\u00eb \u00ebsht\u00eb t\u00eb gjejm\u00eb pun\u00ebdh\u00ebn\u00ebs q\u00eb i p\u00ebrshatet profilit tuaj. Provoni fatin tuaj dhe p\u00ebrfitoni nga rasti!<\/p><\/div><\/div>\n\n\n\n<div class=\"wp-block-uagb-buttons uagb-buttons__outer-wrap uagb-btn__default-btn uagb-btn-tablet__default-btn uagb-btn-mobile__default-btn uagb-block-3a2faa1a\"><div class=\"uagb-buttons__wrap uagb-buttons-layout-wrap\">\n<div class=\"wp-block-uagb-buttons-child uagb-buttons__outer-wrap uagb-block-dfbcbc84 wp-block-button is-style-outline\"><div class=\"uagb-button__wrapper\"><a class=\"uagb-buttons-repeater wp-block-button__link has-background\" href=\"\/sq\/punesim\/\" onclick=\"return true;\" rel=\"follow noopener\" target=\"_self\"><div class=\"uagb-button__link\">APLIKONI<\/div><\/a><\/div><\/div>\n<\/div><\/div>\n<\/div>\n\n\n\n<div class=\"wp-block-uagb-container uagb-block-4a6576aa\">\n<div class=\"wp-block-uagb-image alignright uagb-block-9626acf8 wp-block-uagb-image--layout-default wp-block-uagb-image--effect-static wp-block-uagb-image--align-right\" data-aos=\"slide-right\"><figure class=\"wp-block-uagb-image__figure\"><img decoding=\"async\" srcset=\"https:\/\/www.infoselix.com\/wp-content\/uploads\/2023\/01\/Medicinska-njega-Njemacka.webp ,https:\/\/www.infoselix.com\/wp-content\/uploads\/2021\/05\/cta-img.jpg 780w\" src=\"https:\/\/www.infoselix.com\/wp-content\/uploads\/2023\/01\/Medicinska-njega-Njemacka.webp\" alt=\"\" class=\"uag-image-2009\" width=\"\" height=\"\" title=\"\" loading=\"lazy\"\/><\/figure><\/div>\n<\/div>\n<\/div>\n\n\n\n<div class=\"wp-block-uagb-container uagb-block-195d519a\">\n<div class=\"wp-block-uagb-container uagb-block-c9a17840\">\n<div class=\"wp-block-uagb-advanced-heading uagb-block-fc1127aa\" data-aos=\"slide-left\"><h2 class=\"uagb-heading-text\">A keni nevoj\u00eb p\u00ebr pun\u00eb n\u00eb Gjermani?<\/h2><\/div>\n<\/div>\n\n\n\n<div class=\"wp-block-uagb-container uagb-block-979bdc02\">\n<div class=\"wp-block-uagb-advanced-heading uagb-block-f8b55e41\" data-aos=\"slide-left\"><p class=\"uagb-desc-text\">Ne ju mund\u00ebsojm\u00eb punonj\u00ebsve mjek\u00ebsor\u00eb q\u00eb t\u00eb marrin vendimin e duhur p\u00ebr veten e tyre dhe n\u00eb at\u00eb m\u00ebnyr\u00eb ju ndihmojn\u00eb q\u00eb t\u00eb gjejn\u00eb rrug\u00ebn m\u00eb t\u00eb p\u00ebrshtatshme p\u00ebr n\u00eb Gjermani. Punonj\u00ebsit i rritet mund\u00ebsia q\u00eb t\u00eb q\u00ebndroj\u00eb sa m\u00eb gjat\u00eb n\u00eb vendin e tij t\u00eb pun\u00ebs, n\u00eb var\u00ebsi t\u00eb d\u00ebshirave t\u00eb tij individuale dhe nevoj\u00ebs p\u00ebr punonj\u00ebs t\u00eb kualifikuar. Marr\u00ebdh\u00ebnia jon\u00eb \u00ebsht\u00eb t\u00eb q\u00ebnurit t\u00eb hapur dhe transparent q\u00eb nga fillimi si dhe bashk\u00ebpunimi i mir\u00eb.<\/p><\/div>\n<\/div>\n<\/div>\n<\/div><\/div>\n","protected":false},"excerpt":{"rendered":"","protected":false},"author":1,"featured_media":0,"parent":0,"menu_order":0,"comment_status":"closed","ping_status":"closed","template":"","meta":{"_uag_custom_page_level_css":"","site-sidebar-layout":"no-sidebar","site-content-layout":"page-builder","ast-global-header-display":"","ast-main-header-display":"","ast-hfb-above-header-display":"","ast-hfb-below-header-display":"","ast-hfb-mobile-header-display":"","site-post-title":"disabled","ast-breadcrumbs-content":"","ast-featured-img":"disabled","footer-sml-layout":"","theme-transparent-header-meta":"enabled","adv-header-id-meta":"","stick-header-meta":"","header-above-stick-meta":"","header-main-stick-meta":"","header-below-stick-meta":"","footnotes":""},"class_list":["post-2066","page","type-page","status-publish","hentry"],"uagb_featured_image_src":{"full":false,"thumbnail":false,"medium":false,"medium_large":false,"large":false,"1536x1536":false,"2048x2048":false},"uagb_author_info":{"display_name":"hm","author_link":"https:\/\/www.infoselix.com\/sq\/author\/hm\/"},"uagb_comment_info":0,"uagb_excerpt":null,"_links":{"self":[{"href":"https:\/\/www.infoselix.com\/sq\/wp-json\/wp\/v2\/pages\/2066","targetHints":{"allow":["GET"]}}],"collection":[{"href":"https:\/\/www.infoselix.com\/sq\/wp-json\/wp\/v2\/pages"}],"about":[{"href":"https:\/\/www.infoselix.com\/sq\/wp-json\/wp\/v2\/types\/page"}],"author":[{"embeddable":true,"href":"https:\/\/www.infoselix.com\/sq\/wp-json\/wp\/v2\/users\/1"}],"replies":[{"embeddable":true,"href":"https:\/\/www.infoselix.com\/sq\/wp-json\/wp\/v2\/comments?post=2066"}],"version-history":[{"count":11,"href":"https:\/\/www.infoselix.com\/sq\/wp-json\/wp\/v2\/pages\/2066\/revisions"}],"predecessor-version":[{"id":2321,"href":"https:\/\/www.infoselix.com\/sq\/wp-json\/wp\/v2\/pages\/2066\/revisions\/2321"}],"wp:attachment":[{"href":"https:\/\/www.infoselix.com\/sq\/wp-json\/wp\/v2\/media?parent=2066"}],"curies":[{"name":"wp","href":"https:\/\/api.w.org\/{rel}","templated":true}]}}