{"id":2140,"date":"2023-02-02T15:06:59","date_gmt":"2023-02-02T14:06:59","guid":{"rendered":"https:\/\/www.infoselix.com\/?page_id=2140"},"modified":"2023-02-11T03:07:55","modified_gmt":"2023-02-11T02:07:55","slug":"arbeitskraefte","status":"publish","type":"page","link":"https:\/\/www.infoselix.com\/de\/arbeitskraefte\/","title":{"rendered":"Arbeitskr\u00e4fte"},"content":{"rendered":"\n<div class=\"wp-block-uagb-container uagb-block-23fcdc02 alignfull uagb-is-root-container\"><div class=\"uagb-container-inner-blocks-wrap\">\n<div class=\"wp-block-uagb-info-box uagb-block-0f7c490d uagb-infobox__content-wrap  uagb-infobox-icon-above-title uagb-infobox-image-valign-top\" data-aos=\"slide-left\"><div class=\"uagb-ifb-content\"><div class=\"uagb-ifb-separator\"><\/div><div class=\"uagb-ifb-title-wrap\"><h1 class=\"uagb-ifb-title\">Arbeitskr\u00e4fte<\/h1><\/div><\/div><\/div>\n<\/div><\/div>\n\n\n\n<div class=\"wp-block-uagb-container uagb-block-7c557bd8 alignfull uagb-is-root-container\"><div class=\"uagb-container-inner-blocks-wrap\">\n<div class=\"wp-block-uagb-advanced-heading uagb-block-d5b9dbe2\" data-aos=\"slide-up\"><h2 class=\"uagb-heading-text\">Infoselix ist mit Ihnen<\/h2><\/div>\n<\/div><\/div>\n\n\n\n<div class=\"wp-block-uagb-container uagb-block-d8f2f079 alignfull uagb-is-root-container\"><div class=\"uagb-container-inner-blocks-wrap\">\n<div class=\"wp-block-uagb-container uagb-block-94c4cf3b\">\n<div class=\"wp-block-uagb-advanced-heading uagb-block-9a25e65d\" data-aos=\"flip-up\"><h4 class=\"uagb-heading-text\">Korrekte Arbeit und zuverl\u00e4ssige Zusammenarbeit<\/h4><p class=\"uagb-desc-text\">Brauchen Sie passende Arbeitskr\u00e4fte &#8211; unkompliziert und zuverl\u00e4ssig? Dann sind Sie bei uns richtig! Ihre Bed\u00fcrfnisse sind unser Verst\u00e4ndnis&nbsp; &#8211; dementsprechend bieten wir die passenden Arbeiterprofile.<\/p><\/div>\n<\/div>\n\n\n\n<div class=\"wp-block-uagb-container uagb-block-981c56e7\">\n<div class=\"wp-block-uagb-advanced-heading uagb-block-0b987f16\" data-aos=\"flip-up\"><h4 class=\"uagb-heading-text\">Versuchen Sie es mit Infoselix!<\/h4><p class=\"uagb-desc-text\">Versuchen Sie die beste Vermittlungsleistung!<br>Unsere Aufgabe ist es, die richtigen Mitarbeiter, die Ihren Bed\u00fcrfnissen entsprechen zu finden. Unsere Aufgabe ist es Gesundheitsinstitutionen und Fachkr\u00e4fte zuverl\u00e4ssig, unkompliziert und treffend im Job zusammenzubringen.<\/p><\/div>\n<\/div>\n\n\n\n<div class=\"wp-block-uagb-container uagb-block-2fd05d0c\">\n<div class=\"wp-block-uagb-advanced-heading uagb-block-99d6468e\" data-aos=\"flip-up\"><h4 class=\"uagb-heading-text\">Wer ist ihre Arbeitskraft?<\/h4><p class=\"uagb-desc-text\">Wir vermitteln Arbeitskr\u00e4fte nach Ihrem Bedarf.<\/p><\/div>\n<\/div>\n<\/div><\/div>\n\n\n\n<div class=\"wp-block-uagb-container uagb-block-926d85c6 alignfull uagb-is-root-container\"><div class=\"uagb-container-inner-blocks-wrap\">\n<div class=\"wp-block-uagb-advanced-heading uagb-block-bbad20a4\"><h2 class=\"uagb-heading-text\">Melden Sie sich \u00fcber das Formular an<\/h2><\/div>\n<\/div><\/div>\n\n\n\n<div class=\"wp-block-uagb-container uagb-block-c02ffd58 alignfull uagb-is-root-container\"><div class=\"uagb-container-inner-blocks-wrap\">\n<div class=\"wp-block-contact-form-7-contact-form-selector\">\n<div class=\"wpcf7 no-js\" id=\"wpcf7-f2176-o1\" lang=\"de-DE\" dir=\"ltr\">\n<div class=\"screen-reader-response\"><p role=\"status\" aria-live=\"polite\" aria-atomic=\"true\"><\/p> <ul><\/ul><\/div>\n<form action=\"\/de\/wp-json\/wp\/v2\/pages\/2140#wpcf7-f2176-o1\" method=\"post\" class=\"wpcf7-form init\" aria-label=\"Kontaktformular\" novalidate=\"novalidate\" data-status=\"init\">\n<div style=\"display: none;\">\n<input type=\"hidden\" name=\"_wpcf7\" value=\"2176\" \/>\n<input type=\"hidden\" name=\"_wpcf7_version\" value=\"5.9.6\" \/>\n<input type=\"hidden\" name=\"_wpcf7_locale\" value=\"de_DE\" \/>\n<input type=\"hidden\" name=\"_wpcf7_unit_tag\" value=\"wpcf7-f2176-o1\" \/>\n<input type=\"hidden\" name=\"_wpcf7_container_post\" value=\"0\" \/>\n<input type=\"hidden\" name=\"_wpcf7_posted_data_hash\" value=\"\" \/>\n<\/div>\n<div class=\"first-row\">\n\t<div class=\"column-left-1\">\n\t\t<p><label> Name:<br \/>\n<span class=\"wpcf7-form-control-wrap\" data-name=\"Ime\"><input size=\"40\" maxlength=\"80\" class=\"wpcf7-form-control wpcf7-text wpcf7-validates-as-required\" aria-required=\"true\" aria-invalid=\"false\" value=\"\" type=\"text\" name=\"Ime\" \/><\/span> <\/label>\n\t\t<\/p>\n\t<\/div>\n\t<div class=\"column-right-1\">\n\t\t<p><label> Nachname:<br \/>\n<span class=\"wpcf7-form-control-wrap\" data-name=\"Prezime\"><input size=\"40\" maxlength=\"80\" class=\"wpcf7-form-control wpcf7-text wpcf7-validates-as-required\" aria-required=\"true\" aria-invalid=\"false\" value=\"\" type=\"text\" name=\"Prezime\" \/><\/span> <\/label>\n\t\t<\/p>\n\t<\/div>\n<\/div>\n<p><label> Unternehmen:<br \/>\n<span class=\"wpcf7-form-control-wrap\" data-name=\"text-firma\"><input size=\"40\" maxlength=\"80\" class=\"wpcf7-form-control wpcf7-text\" aria-invalid=\"false\" value=\"\" type=\"text\" name=\"text-firma\" \/><\/span> <\/label>\n<\/p>\n<div class=\"first-row\">\n\t<div class=\"column-left-1\">\n\t\t<p><label> Telefonnummer:<br \/>\n<span class=\"wpcf7-form-control-wrap\" data-name=\"Telefon\"><input size=\"40\" maxlength=\"80\" class=\"wpcf7-form-control wpcf7-tel wpcf7-validates-as-required wpcf7-text wpcf7-validates-as-tel\" aria-required=\"true\" aria-invalid=\"false\" value=\"\" type=\"tel\" name=\"Telefon\" \/><\/span> <\/label>\n\t\t<\/p>\n\t<\/div>\n\t<div class=\"column-right-1\">\n\t\t<p><label> E-Mail-Addresse:<br \/>\n<span class=\"wpcf7-form-control-wrap\" data-name=\"your-email\"><input size=\"40\" maxlength=\"80\" class=\"wpcf7-form-control wpcf7-email wpcf7-validates-as-required wpcf7-text wpcf7-validates-as-email\" aria-required=\"true\" aria-invalid=\"false\" value=\"\" type=\"email\" name=\"your-email\" \/><\/span> <\/label>\n\t\t<\/p>\n\t<\/div>\n<\/div>\n<div class=\"first-row\">\n\t<div class=\"column-left-1\">\n\t\t<p><label> Stra\u00dfe und Nummer<br \/>\n<span class=\"wpcf7-form-control-wrap\" data-name=\"ulicabroj\"><input size=\"40\" maxlength=\"80\" class=\"wpcf7-form-control wpcf7-text wpcf7-validates-as-required\" id=\"ulicabroj\" aria-required=\"true\" aria-invalid=\"false\" value=\"\" type=\"text\" name=\"ulicabroj\" \/><\/span><br \/>\n<\/label>\n\t\t<\/p>\n\t<\/div>\n\t<div class=\"column-right-1\">\n\t\t<p><label> PLZ<br \/>\n<span class=\"wpcf7-form-control-wrap\" data-name=\"ppt\"><input size=\"40\" maxlength=\"80\" class=\"wpcf7-form-control wpcf7-text wpcf7-validates-as-required\" id=\"ppt\" aria-required=\"true\" aria-invalid=\"false\" value=\"\" type=\"text\" name=\"ppt\" \/><\/span><br \/>\n<\/label>\n\t\t<\/p>\n\t<\/div>\n<\/div>\n<div class=\"first-row\">\n\t<div class=\"column-left-1\">\n\t\t<p><label> Stadt<br \/>\n<span class=\"wpcf7-form-control-wrap\" data-name=\"grad\"><input size=\"40\" maxlength=\"80\" class=\"wpcf7-form-control wpcf7-text wpcf7-validates-as-required\" id=\"grad\" aria-required=\"true\" aria-invalid=\"false\" value=\"\" type=\"text\" name=\"grad\" \/><\/span><br \/>\n<\/label>\n\t\t<\/p>\n\t<\/div>\n\t<div class=\"column-right-1\">\n\t\t<p><label> Land<br \/>\n<span class=\"wpcf7-form-control-wrap\" data-name=\"drzava\"><input size=\"40\" maxlength=\"80\" class=\"wpcf7-form-control wpcf7-text wpcf7-validates-as-required\" id=\"drzava\" aria-required=\"true\" aria-invalid=\"false\" value=\"\" type=\"text\" name=\"drzava\" \/><\/span><br \/>\n<\/label>\n\t\t<\/p>\n\t<\/div>\n<\/div>\n<div class=\"first-row\">\n\t<div class=\"column-left-1\">\n\t\t<p><label> Kenntnisstand der deutschen Sprache:<\/label><br \/>\n<span class=\"wpcf7-form-control-wrap\" data-name=\"checkbox-436\"><span class=\"wpcf7-form-control wpcf7-checkbox\"><span class=\"wpcf7-list-item first\"><label><input type=\"checkbox\" name=\"checkbox-436[]\" value=\"A1\" \/><span class=\"wpcf7-list-item-label\">A1<\/span><\/label><\/span><span class=\"wpcf7-list-item\"><label><input type=\"checkbox\" name=\"checkbox-436[]\" value=\"A2\" \/><span class=\"wpcf7-list-item-label\">A2<\/span><\/label><\/span><span class=\"wpcf7-list-item\"><label><input type=\"checkbox\" name=\"checkbox-436[]\" value=\"B1\" \/><span class=\"wpcf7-list-item-label\">B1<\/span><\/label><\/span><span class=\"wpcf7-list-item\"><label><input type=\"checkbox\" name=\"checkbox-436[]\" value=\"B2\" \/><span class=\"wpcf7-list-item-label\">B2<\/span><\/label><\/span><span class=\"wpcf7-list-item last\"><label><input type=\"checkbox\" name=\"checkbox-436[]\" value=\"B\u00f6heres Niveau\" \/><span class=\"wpcf7-list-item-label\">B\u00f6heres Niveau<\/span><\/label><\/span><\/span><\/span>\n\t\t<\/p>\n\t<\/div>\n\t<div class=\"column-right-1\">\n\t\t<p><label> Wer hat uns empfohlen?<br \/>\n<span class=\"wpcf7-form-control-wrap\" data-name=\"preporuka\"><input size=\"40\" maxlength=\"80\" class=\"wpcf7-form-control wpcf7-text wpcf7-validates-as-required\" id=\"preporuka\" aria-required=\"true\" aria-invalid=\"false\" value=\"\" type=\"text\" name=\"preporuka\" \/><\/span><br \/>\n<\/label>\n\t\t<\/p>\n\t<\/div>\n<\/div>\n<p>Haftungsausschluss: Ihre Daten werden gem\u00e4\u00df dem Datenschutzgesetz behandelt. Die Daten werden zum Zweck Ihrer Besch\u00e4ftigung in einer der Gesundheits- oder anderen Einrichtungen oder Unternehmen verwendet und k\u00f6nnen nicht f\u00fcr andere Zwecke verwendet werden. Mit der Registrierung stimmen Sie der Verarbeitung und \u00dcbermittlung personenbezogener Daten in Europa zu.\n<\/p>\n<div class=\"send\">\n\t<p><input class=\"wpcf7-form-control wpcf7-submit has-spinner\" type=\"submit\" value=\"Po\u0161alji\" \/>\n\t<\/p>\n<\/div><div class=\"wpcf7-response-output\" aria-hidden=\"true\"><\/div>\n<\/form>\n<\/div>\n<\/div>\n<\/div><\/div>\n\n\n\n<div class=\"wp-block-uagb-container uagb-block-e7b1ae03 alignfull uagb-is-root-container\"><div class=\"uagb-container-inner-blocks-wrap\">\n<div class=\"wp-block-uagb-container uagb-block-bb564c63\">\n<div class=\"wp-block-uagb-container uagb-block-086d0205\">\n<div class=\"wp-block-uagb-info-box uagb-block-3f50da89 uagb-infobox__content-wrap  uagb-infobox-icon-above-title uagb-infobox-image-valign-top\" data-aos=\"fade-up-right\"><div class=\"uagb-ifb-content\"><div class=\"uagb-ifb-title-wrap\"><h3 class=\"uagb-ifb-title\">Sie fragen sich, wie wir Ihnen helfen k\u00f6nnen?<\/h3><\/div><p class=\"uagb-ifb-desc\">Unsere Unterst\u00fctzung wird kontinuierlich sein, von dem Zeitpunkt, an dem Sie den Vertrag mit uns unterzeichnen, bis zur Anstellung unserer Arbeitskraft bei Ihnen.<br><br>Beginnen Sie Ihre Suche nach einem Arbeiter.<\/p><\/div><\/div>\n\n\n\n<div class=\"wp-block-uagb-buttons uagb-buttons__outer-wrap uagb-btn__default-btn uagb-btn-tablet__default-btn uagb-btn-mobile__default-btn uagb-block-f13eb25d\"><div class=\"uagb-buttons__wrap uagb-buttons-layout-wrap\">\n<div class=\"wp-block-uagb-buttons-child uagb-buttons__outer-wrap uagb-block-95efc8f4 wp-block-button is-style-outline\" data-aos=\"fade-up-right\"><div class=\"uagb-button__wrapper\"><a class=\"uagb-buttons-repeater wp-block-button__link has-background\" href=\"\/de\/kontakt\" onclick=\"return true;\" rel=\"follow noopener\" target=\"_self\"><div class=\"uagb-button__link\">Kontakt<\/div><\/a><\/div><\/div>\n<\/div><\/div>\n<\/div>\n\n\n\n<div class=\"wp-block-uagb-container uagb-block-5c577bc7\">\n<div class=\"wp-block-uagb-image alignright uagb-block-4f89b69c wp-block-uagb-image--layout-default wp-block-uagb-image--effect-static wp-block-uagb-image--align-right\" data-aos=\"fade-up-right\"><figure class=\"wp-block-uagb-image__figure\"><img decoding=\"async\" srcset=\"https:\/\/www.infoselix.com\/wp-content\/uploads\/2023\/01\/Medicinska-njega-Njemacka.webp ,https:\/\/www.infoselix.com\/wp-content\/uploads\/2021\/05\/cta-img.jpg 780w\" src=\"https:\/\/www.infoselix.com\/wp-content\/uploads\/2023\/01\/Medicinska-njega-Njemacka.webp\" alt=\"\" class=\"uag-image-2009\" width=\"\" height=\"\" title=\"\" loading=\"lazy\"\/><\/figure><\/div>\n<\/div>\n<\/div>\n\n\n\n<div class=\"wp-block-uagb-container uagb-block-135fcf96 alignfull uagb-is-root-container\"><div class=\"uagb-container-inner-blocks-wrap\">\n<div class=\"wp-block-uagb-advanced-heading uagb-block-76908cef\"><h2 class=\"uagb-heading-text\">\u201eZufriedene Arbeitskraft \u2013 zufriedener Arbeitgeber.\u201c<\/h2><p class=\"uagb-desc-text\">Unsere Mission ist es, W\u00fcnsche und reale M\u00f6glichkeiten zwischen Arbeitgebern und Arbeitssuchenden zu verbinden.<\/p><\/div>\n\n\n\n<p class=\"has-ast-global-color-5-color has-text-color\">Deshalb sind wir der \u201ebindende Faktor\u201c, der es uns erm\u00f6glicht, medizinisches Personal, das arbeiten m\u00f6chte, an Sie zu vermitteln, damit die Fachkraft ihren pers\u00f6nlichen Weg und den idealen Arbeitgeber f\u00fcr ihre Karriere findet. Unseren Kunden wird bereits bei der Auswahl ein anderer Ansatz angeboten, daraufhin auch geeignetes Personal als Langzeitpersonal.<\/p>\n<\/div><\/div>\n<\/div><\/div>\n\n\n\n<div class=\"wp-block-uagb-container uagb-block-e975bcac alignfull uagb-is-root-container\"><div class=\"uagb-container-inner-blocks-wrap\">\n<div class=\"wp-block-uagb-container uagb-block-3216ab0c\">\n<div class=\"wp-block-uagb-info-box uagb-block-427b7cf7 uagb-infobox__content-wrap  uagb-infobox-icon-above-title uagb-infobox-image-valign-top\" data-aos=\"slide-right\"><div class=\"uagb-ifb-content\"><div class=\"uagb-ifb-title-wrap\"><h2 class=\"uagb-ifb-title\">Altenpflege, Arbeit in Pflegeheimen, Polikliniken oder Kliniken<\/h2><\/div><p class=\"uagb-ifb-desc\">Mit dem Ziel eine stabile Lebensqualit\u00e4t zu erhalten und die individuellen F\u00e4higkeiten zu verbessern.<\/p><\/div><\/div>\n<\/div>\n\n\n\n<div class=\"wp-block-uagb-container uagb-block-d03ce777\">\n<div class=\"wp-block-uagb-image uagb-block-815de53b wp-block-uagb-image--layout-default wp-block-uagb-image--effect-static wp-block-uagb-image--align-none\" data-aos=\"slide-left\"><figure class=\"wp-block-uagb-image__figure\"><img decoding=\"async\" srcset=\"https:\/\/www.infoselix.com\/wp-content\/uploads\/2023\/01\/Medicinska-sestra-Njemacka-1.webp \" src=\"https:\/\/www.infoselix.com\/wp-content\/uploads\/2023\/01\/Medicinska-sestra-Njemacka-1.webp\" alt=\"\" class=\"uag-image-2000\" width=\"\" height=\"\" title=\"\" loading=\"lazy\"\/><\/figure><\/div>\n<\/div>\n<\/div><\/div>\n","protected":false},"excerpt":{"rendered":"","protected":false},"author":1,"featured_media":0,"parent":0,"menu_order":0,"comment_status":"closed","ping_status":"closed","template":"","meta":{"_uag_custom_page_level_css":"","site-sidebar-layout":"no-sidebar","site-content-layout":"page-builder","ast-global-header-display":"","ast-main-header-display":"","ast-hfb-above-header-display":"","ast-hfb-below-header-display":"","ast-hfb-mobile-header-display":"","site-post-title":"disabled","ast-breadcrumbs-content":"","ast-featured-img":"disabled","footer-sml-layout":"","theme-transparent-header-meta":"enabled","adv-header-id-meta":"","stick-header-meta":"","header-above-stick-meta":"","header-main-stick-meta":"","header-below-stick-meta":"","footnotes":""},"class_list":["post-2140","page","type-page","status-publish","hentry"],"uagb_featured_image_src":{"full":false,"thumbnail":false,"medium":false,"medium_large":false,"large":false,"1536x1536":false,"2048x2048":false},"uagb_author_info":{"display_name":"hm","author_link":"https:\/\/www.infoselix.com\/de\/author\/hm\/"},"uagb_comment_info":0,"uagb_excerpt":null,"_links":{"self":[{"href":"https:\/\/www.infoselix.com\/de\/wp-json\/wp\/v2\/pages\/2140","targetHints":{"allow":["GET"]}}],"collection":[{"href":"https:\/\/www.infoselix.com\/de\/wp-json\/wp\/v2\/pages"}],"about":[{"href":"https:\/\/www.infoselix.com\/de\/wp-json\/wp\/v2\/types\/page"}],"author":[{"embeddable":true,"href":"https:\/\/www.infoselix.com\/de\/wp-json\/wp\/v2\/users\/1"}],"replies":[{"embeddable":true,"href":"https:\/\/www.infoselix.com\/de\/wp-json\/wp\/v2\/comments?post=2140"}],"version-history":[{"count":14,"href":"https:\/\/www.infoselix.com\/de\/wp-json\/wp\/v2\/pages\/2140\/revisions"}],"predecessor-version":[{"id":2310,"href":"https:\/\/www.infoselix.com\/de\/wp-json\/wp\/v2\/pages\/2140\/revisions\/2310"}],"wp:attachment":[{"href":"https:\/\/www.infoselix.com\/de\/wp-json\/wp\/v2\/media?parent=2140"}],"curies":[{"name":"wp","href":"https:\/\/api.w.org\/{rel}","templated":true}]}}