{"id":2100,"date":"2023-01-12T11:37:28","date_gmt":"2023-01-12T10:37:28","guid":{"rendered":"https:\/\/www.infoselix.com\/beschaeftigung\/"},"modified":"2023-02-11T03:10:13","modified_gmt":"2023-02-11T02:10:13","slug":"beschaeftigung","status":"publish","type":"page","link":"https:\/\/www.infoselix.com\/de\/beschaeftigung\/","title":{"rendered":"Besch\u00e4ftigung"},"content":{"rendered":"\n<div class=\"wp-block-uagb-container uagb-block-36d61adb alignfull uagb-is-root-container\"><div class=\"uagb-container-inner-blocks-wrap\">\n<div class=\"wp-block-uagb-info-box uagb-block-e77cce5e uagb-infobox__content-wrap  uagb-infobox-icon-above-title uagb-infobox-image-valign-top\" data-aos=\"slide-left\"><div class=\"uagb-ifb-content\"><div class=\"uagb-ifb-separator\"><\/div><div class=\"uagb-ifb-title-wrap\"><h1 class=\"uagb-ifb-title\">Besch\u00e4ftigung<\/h1><\/div><\/div><\/div>\n<\/div><\/div>\n\n\n\n<div class=\"wp-block-uagb-container uagb-block-e2501f06 alignfull uagb-is-root-container\"><div class=\"uagb-container-inner-blocks-wrap\">\n<div class=\"wp-block-uagb-advanced-heading uagb-block-be368f60\" data-aos=\"slide-up\"><h2 class=\"uagb-heading-text\">Wie k\u00f6nnen wir Ihnen helfen?<\/h2><\/div>\n<\/div><\/div>\n\n\n\n<div class=\"wp-block-uagb-container uagb-block-5237a02c alignfull uagb-is-root-container\"><div class=\"uagb-container-inner-blocks-wrap\">\n<div class=\"wp-block-uagb-container uagb-block-1d3555f3\">\n<div class=\"wp-block-uagb-advanced-heading uagb-block-164c7e97\" data-aos=\"flip-up\"><h4 class=\"uagb-heading-text\">Gesundheitssektor<\/h4><p class=\"uagb-desc-text\">Wir erm\u00f6glichen den Medizinern, die richtige Entscheidung f\u00fcr sich selbst zu treffen, und helfen ihnen den ad\u00e4quateste Weg nach Deutschland zu finden.<\/p><\/div>\n<\/div>\n\n\n\n<div class=\"wp-block-uagb-container uagb-block-cf0e7147\">\n<div class=\"wp-block-uagb-advanced-heading uagb-block-c5894c40\" data-aos=\"flip-up\"><h4 class=\"uagb-heading-text\">Dein Profil<\/h4><p class=\"uagb-desc-text\">Wir verstehen ihre Bed\u00fcrfnisse und empfehlen ihnen mehrere Optionen die ihrem Profil entsprechen. Kostenlos und unverbindlich.<\/p><\/div>\n<\/div>\n\n\n\n<div class=\"wp-block-uagb-container uagb-block-4db9b970\">\n<div class=\"wp-block-uagb-advanced-heading uagb-block-d021ed37\" data-aos=\"flip-up\"><h4 class=\"uagb-heading-text\">Arbeitgeber finden<\/h4><p class=\"uagb-desc-text\">Beruht auf deiner Erfahrung, und mancmal k\u00f6nnen Sie einen Arbeitgeber w\u00e4hlen ,der zu Ihnen passt.<\/p><\/div>\n<\/div>\n<\/div><\/div>\n\n\n\n<div class=\"wp-block-uagb-container uagb-block-cef19a12 alignfull uagb-is-root-container\"><div class=\"uagb-container-inner-blocks-wrap\">\n<div class=\"wp-block-uagb-advanced-heading uagb-block-a5ed3619\"><h2 class=\"uagb-heading-text\">Melden Sie sich \u00fcber das Formular an<\/h2><\/div>\n<\/div><\/div>\n\n\n\n<div class=\"wp-block-uagb-container uagb-block-8a10106b alignfull uagb-is-root-container\"><div class=\"uagb-container-inner-blocks-wrap\">\n<div class=\"wp-block-contact-form-7-contact-form-selector\">\n<div class=\"wpcf7 no-js\" id=\"wpcf7-f2176-o1\" lang=\"de-DE\" dir=\"ltr\">\n<div class=\"screen-reader-response\"><p role=\"status\" aria-live=\"polite\" aria-atomic=\"true\"><\/p> <ul><\/ul><\/div>\n<form action=\"\/de\/wp-json\/wp\/v2\/pages\/2100#wpcf7-f2176-o1\" method=\"post\" class=\"wpcf7-form init\" aria-label=\"Kontaktformular\" novalidate=\"novalidate\" data-status=\"init\">\n<div style=\"display: none;\">\n<input type=\"hidden\" name=\"_wpcf7\" value=\"2176\" \/>\n<input type=\"hidden\" name=\"_wpcf7_version\" value=\"5.9.6\" \/>\n<input type=\"hidden\" name=\"_wpcf7_locale\" value=\"de_DE\" \/>\n<input type=\"hidden\" name=\"_wpcf7_unit_tag\" value=\"wpcf7-f2176-o1\" \/>\n<input type=\"hidden\" name=\"_wpcf7_container_post\" value=\"0\" \/>\n<input type=\"hidden\" name=\"_wpcf7_posted_data_hash\" value=\"\" \/>\n<\/div>\n<div class=\"first-row\">\n\t<div class=\"column-left-1\">\n\t\t<p><label> Name:<br \/>\n<span class=\"wpcf7-form-control-wrap\" data-name=\"Ime\"><input size=\"40\" maxlength=\"80\" class=\"wpcf7-form-control wpcf7-text wpcf7-validates-as-required\" aria-required=\"true\" aria-invalid=\"false\" value=\"\" type=\"text\" name=\"Ime\" \/><\/span> <\/label>\n\t\t<\/p>\n\t<\/div>\n\t<div class=\"column-right-1\">\n\t\t<p><label> Nachname:<br \/>\n<span class=\"wpcf7-form-control-wrap\" data-name=\"Prezime\"><input size=\"40\" maxlength=\"80\" class=\"wpcf7-form-control wpcf7-text wpcf7-validates-as-required\" aria-required=\"true\" aria-invalid=\"false\" value=\"\" type=\"text\" name=\"Prezime\" \/><\/span> <\/label>\n\t\t<\/p>\n\t<\/div>\n<\/div>\n<p><label> Unternehmen:<br \/>\n<span class=\"wpcf7-form-control-wrap\" data-name=\"text-firma\"><input size=\"40\" maxlength=\"80\" class=\"wpcf7-form-control wpcf7-text\" aria-invalid=\"false\" value=\"\" type=\"text\" name=\"text-firma\" \/><\/span> <\/label>\n<\/p>\n<div class=\"first-row\">\n\t<div class=\"column-left-1\">\n\t\t<p><label> Telefonnummer:<br \/>\n<span class=\"wpcf7-form-control-wrap\" data-name=\"Telefon\"><input size=\"40\" maxlength=\"80\" class=\"wpcf7-form-control wpcf7-tel wpcf7-validates-as-required wpcf7-text wpcf7-validates-as-tel\" aria-required=\"true\" aria-invalid=\"false\" value=\"\" type=\"tel\" name=\"Telefon\" \/><\/span> <\/label>\n\t\t<\/p>\n\t<\/div>\n\t<div class=\"column-right-1\">\n\t\t<p><label> E-Mail-Addresse:<br \/>\n<span class=\"wpcf7-form-control-wrap\" data-name=\"your-email\"><input size=\"40\" maxlength=\"80\" class=\"wpcf7-form-control wpcf7-email wpcf7-validates-as-required wpcf7-text wpcf7-validates-as-email\" aria-required=\"true\" aria-invalid=\"false\" value=\"\" type=\"email\" name=\"your-email\" \/><\/span> <\/label>\n\t\t<\/p>\n\t<\/div>\n<\/div>\n<div class=\"first-row\">\n\t<div class=\"column-left-1\">\n\t\t<p><label> Stra\u00dfe und Nummer<br \/>\n<span class=\"wpcf7-form-control-wrap\" data-name=\"ulicabroj\"><input size=\"40\" maxlength=\"80\" class=\"wpcf7-form-control wpcf7-text wpcf7-validates-as-required\" id=\"ulicabroj\" aria-required=\"true\" aria-invalid=\"false\" value=\"\" type=\"text\" name=\"ulicabroj\" \/><\/span><br \/>\n<\/label>\n\t\t<\/p>\n\t<\/div>\n\t<div class=\"column-right-1\">\n\t\t<p><label> PLZ<br \/>\n<span class=\"wpcf7-form-control-wrap\" data-name=\"ppt\"><input size=\"40\" maxlength=\"80\" class=\"wpcf7-form-control wpcf7-text wpcf7-validates-as-required\" id=\"ppt\" aria-required=\"true\" aria-invalid=\"false\" value=\"\" type=\"text\" name=\"ppt\" \/><\/span><br \/>\n<\/label>\n\t\t<\/p>\n\t<\/div>\n<\/div>\n<div class=\"first-row\">\n\t<div class=\"column-left-1\">\n\t\t<p><label> Stadt<br \/>\n<span class=\"wpcf7-form-control-wrap\" data-name=\"grad\"><input size=\"40\" maxlength=\"80\" class=\"wpcf7-form-control wpcf7-text wpcf7-validates-as-required\" id=\"grad\" aria-required=\"true\" aria-invalid=\"false\" value=\"\" type=\"text\" name=\"grad\" \/><\/span><br \/>\n<\/label>\n\t\t<\/p>\n\t<\/div>\n\t<div class=\"column-right-1\">\n\t\t<p><label> Land<br \/>\n<span class=\"wpcf7-form-control-wrap\" data-name=\"drzava\"><input size=\"40\" maxlength=\"80\" class=\"wpcf7-form-control wpcf7-text wpcf7-validates-as-required\" id=\"drzava\" aria-required=\"true\" aria-invalid=\"false\" value=\"\" type=\"text\" name=\"drzava\" \/><\/span><br \/>\n<\/label>\n\t\t<\/p>\n\t<\/div>\n<\/div>\n<div class=\"first-row\">\n\t<div class=\"column-left-1\">\n\t\t<p><label> Kenntnisstand der deutschen Sprache:<\/label><br \/>\n<span class=\"wpcf7-form-control-wrap\" data-name=\"checkbox-436\"><span class=\"wpcf7-form-control wpcf7-checkbox\"><span class=\"wpcf7-list-item first\"><label><input type=\"checkbox\" name=\"checkbox-436[]\" value=\"A1\" \/><span class=\"wpcf7-list-item-label\">A1<\/span><\/label><\/span><span class=\"wpcf7-list-item\"><label><input type=\"checkbox\" name=\"checkbox-436[]\" value=\"A2\" \/><span class=\"wpcf7-list-item-label\">A2<\/span><\/label><\/span><span class=\"wpcf7-list-item\"><label><input type=\"checkbox\" name=\"checkbox-436[]\" value=\"B1\" \/><span class=\"wpcf7-list-item-label\">B1<\/span><\/label><\/span><span class=\"wpcf7-list-item\"><label><input type=\"checkbox\" name=\"checkbox-436[]\" value=\"B2\" \/><span class=\"wpcf7-list-item-label\">B2<\/span><\/label><\/span><span class=\"wpcf7-list-item last\"><label><input type=\"checkbox\" name=\"checkbox-436[]\" value=\"B\u00f6heres Niveau\" \/><span class=\"wpcf7-list-item-label\">B\u00f6heres Niveau<\/span><\/label><\/span><\/span><\/span>\n\t\t<\/p>\n\t<\/div>\n\t<div class=\"column-right-1\">\n\t\t<p><label> Wer hat uns empfohlen?<br \/>\n<span class=\"wpcf7-form-control-wrap\" data-name=\"preporuka\"><input size=\"40\" maxlength=\"80\" class=\"wpcf7-form-control wpcf7-text wpcf7-validates-as-required\" id=\"preporuka\" aria-required=\"true\" aria-invalid=\"false\" value=\"\" type=\"text\" name=\"preporuka\" \/><\/span><br \/>\n<\/label>\n\t\t<\/p>\n\t<\/div>\n<\/div>\n<p>Haftungsausschluss: Ihre Daten werden gem\u00e4\u00df dem Datenschutzgesetz behandelt. Die Daten werden zum Zweck Ihrer Besch\u00e4ftigung in einer der Gesundheits- oder anderen Einrichtungen oder Unternehmen verwendet und k\u00f6nnen nicht f\u00fcr andere Zwecke verwendet werden. Mit der Registrierung stimmen Sie der Verarbeitung und \u00dcbermittlung personenbezogener Daten in Europa zu.\n<\/p>\n<div class=\"send\">\n\t<p><input class=\"wpcf7-form-control wpcf7-submit has-spinner\" type=\"submit\" value=\"Po\u0161alji\" \/>\n\t<\/p>\n<\/div><div class=\"wpcf7-response-output\" aria-hidden=\"true\"><\/div>\n<\/form>\n<\/div>\n<\/div>\n<\/div><\/div>\n\n\n\n<div class=\"wp-block-uagb-container uagb-block-bf4bd486 alignfull uagb-is-root-container\"><div class=\"uagb-container-inner-blocks-wrap\">\n<div class=\"wp-block-uagb-container uagb-block-8dc2046d\">\n<div class=\"wp-block-uagb-container uagb-block-4c54b378\">\n<div class=\"wp-block-uagb-info-box uagb-block-65d9ff3b uagb-infobox__content-wrap  uagb-infobox-icon-above-title uagb-infobox-image-valign-top\" data-aos=\"fade-up-right\"><div class=\"uagb-ifb-content\"><div class=\"uagb-ifb-title-wrap\"><h3 class=\"uagb-ifb-title\">Auf der Suche nach einem Job in Deutschland?<\/h3><\/div><p class=\"uagb-ifb-desc\">Unsere Aufgabe ist es einen Arbeitgeber zu finden, der zu ihrem Profil passt. Versuch es viel gl\u00fcck und nutze die chance!<\/p><\/div><\/div>\n\n\n\n<div class=\"wp-block-uagb-buttons uagb-buttons__outer-wrap uagb-btn__default-btn uagb-btn-tablet__default-btn uagb-btn-mobile__default-btn uagb-block-5466f0da\"><div class=\"uagb-buttons__wrap uagb-buttons-layout-wrap\">\n<div class=\"wp-block-uagb-buttons-child uagb-buttons__outer-wrap uagb-block-18df86d6 wp-block-button is-style-outline\" data-aos=\"fade-up-right\"><div class=\"uagb-button__wrapper\"><a class=\"uagb-buttons-repeater wp-block-button__link has-background\" href=\"\/de\/kontakt\" onclick=\"return true;\" rel=\"follow noopener\" target=\"_self\"><div class=\"uagb-button__link\">Kontakt<\/div><\/a><\/div><\/div>\n<\/div><\/div>\n<\/div>\n\n\n\n<div class=\"wp-block-uagb-container uagb-block-5d0d311f\">\n<div class=\"wp-block-uagb-image alignright uagb-block-1102363c wp-block-uagb-image--layout-default wp-block-uagb-image--effect-static wp-block-uagb-image--align-right\" data-aos=\"fade-up-right\"><figure class=\"wp-block-uagb-image__figure\"><img decoding=\"async\" srcset=\"https:\/\/www.infoselix.com\/wp-content\/uploads\/2023\/01\/Medicinska-njega-Njemacka.webp ,https:\/\/www.infoselix.com\/wp-content\/uploads\/2021\/05\/cta-img.jpg 780w\" src=\"https:\/\/www.infoselix.com\/wp-content\/uploads\/2023\/01\/Medicinska-njega-Njemacka.webp\" alt=\"\" class=\"uag-image-2009\" width=\"\" height=\"\" title=\"\" loading=\"lazy\"\/><\/figure><\/div>\n<\/div>\n<\/div>\n\n\n\n<div class=\"wp-block-uagb-container uagb-block-65d8e5af alignfull uagb-is-root-container\"><div class=\"uagb-container-inner-blocks-wrap\">\n<div class=\"wp-block-uagb-container uagb-block-29159dd9 alignfull uagb-is-root-container\"><div class=\"uagb-container-inner-blocks-wrap\">\n<div class=\"wp-block-uagb-advanced-heading uagb-block-6999fd12\"><h2 class=\"uagb-heading-text\">Fragen und Antworten<\/h2><p class=\"uagb-desc-text\">Grundlegende Fragen und Antworten zum leichteren Verst\u00e4ndnis des InfoSelix-Projekts<\/p><\/div>\n\n\n\n<div class=\"wp-block-uagb-faq uagb-faq__outer-wrap uagb-block-fe464f9b uagb-faq-icon-row uagb-faq-layout-accordion uagb-faq-expand-first-false uagb-faq-inactive-other-true uagb-faq__wrap uagb-buttons-layout-wrap uagb-faq-equal-height\" data-faqtoggle=\"true\" role=\"tablist\"><script type=\"application\/ld+json\">{\"@context\":\"https:\/\/schema.org\",\"@type\":\"FAQPage\",\"@id\":\"https:\/\/www.infoselix.com\/de\/beschaeftigung\/\",\"mainEntity\":[{\"@type\":\"Question\",\"name\":\"Wie k\u00f6nnen Sie Teil des Teams werden?\",\"acceptedAnswer\":{\"@type\":\"Answer\",\"text\":\"Im ersten Schritt wird das Anmeldeformular auf der infoselix-website ausgef\u00fcllt. Geben Sie grundlegende Informationen \u00fcber sich und Ihre Ausbildung ein, und eventuell Ihre Berufserfahrung an (Erfahrung ist nicht zwingend erforderlich), sowie Ihre Erwartungen. Voraussetzung f\u00fcr die Bewerbung ist ein Abschluss einer medizinischen Fachschule oder h\u00f6herem Niveau.\"}},{\"@type\":\"Question\",\"name\":\"Ben\u00f6tigen Sie f\u00fcr die Bewerbung Deutschkenntnisse?\",\"acceptedAnswer\":{\"@type\":\"Answer\",\"text\":\"Deutschkenntnisse sind nicht erforderlich, um dem Team beizutreten. Aber wenn Sie bereits Deutsch k\u00f6nnen wird es den Prozess von Val, nach Deutschland gehen nur beschleuningen. Deutschkenntnisse auf Niveau B1 sind\u00a0 notwendig.&lt;br>Wir helfen Ihnen, einen geeigneten Online-Kurs zum Deutschlernen zu finden. Bitte kontaktieren Sie uns f\u00fcr weitere Informationen.\"}},{\"@type\":\"Question\",\"name\":\"Sie fragen sich, wie wir Ihnen helfen k\u00f6nnen?\",\"acceptedAnswer\":{\"@type\":\"Answer\",\"text\":\"Unser Support wird nach Ihrer Registrierung auf der Website kontinuierlich sein.\"}},{\"@type\":\"Question\",\"name\":\"Was sind Ihre Aufgaben?\",\"acceptedAnswer\":{\"@type\":\"Answer\",\"text\":\"Infoselix-Anwendungen sind f\u00fcr alle Benutzer kostenlos, ohne versteckte Kosten. Wir erwarten jedoch, dass Sie unserem Ansatz mit Engagement, Ehrlichkeit und pers\u00f6nlichem Einsatz folgen und alle Schritte termingerecht abschlie\u00dfen.\"}},{\"@type\":\"Question\",\"name\":\"F\u00fcr Teammitglieder, die \u00fcber 45 Jahre alt sind.\",\"acceptedAnswer\":{\"@type\":\"Answer\",\"text\":\"Grunds\u00e4tzlich kann sich jeder auf Infoselix.com registrieren. Allerdings ist es f\u00fcr Menschen \u00fcber 45 schwieriger, einen Arbeitgeber zu finden, aber es ist immer noch m\u00f6glich. Probieren Sie es aus - Sie verlieren dabei nichts!\"}}]}<\/script>\n<div class=\"wp-block-uagb-faq-child uagb-faq-child__outer-wrap uagb-faq-item uagb-block-9afe178a\" role=\"tab\" tabindex=\"0\"><div class=\"uagb-faq-questions-button uagb-faq-questions\"><span class=\"uagb-icon uagb-faq-icon-wrap\"><svg xmlns=\"https:\/\/www.w3.org\/2000\/svg\" viewBox=\"0 0 448 512\"><path d=\"M432 256c0 17.69-14.33 32.01-32 32.01H256v144c0 17.69-14.33 31.99-32 31.99s-32-14.3-32-31.99v-144H48c-17.67 0-32-14.32-32-32.01s14.33-31.99 32-31.99H192v-144c0-17.69 14.33-32.01 32-32.01s32 14.32 32 32.01v144h144C417.7 224 432 238.3 432 256z\"><\/path><\/svg><\/span><span class=\"uagb-icon-active uagb-faq-icon-wrap\"><svg xmlns=\"https:\/\/www.w3.org\/2000\/svg\" viewBox=\"0 0 448 512\"><path d=\"M400 288h-352c-17.69 0-32-14.32-32-32.01s14.31-31.99 32-31.99h352c17.69 0 32 14.3 32 31.99S417.7 288 400 288z\"><\/path><\/svg><\/span><span class=\"uagb-question\">Wie k\u00f6nnen Sie Teil des Teams werden?<\/span><\/div><p class=\"uagb-faq-content\">Im ersten Schritt wird das Anmeldeformular auf der infoselix-website ausgef\u00fcllt. Geben Sie grundlegende Informationen \u00fcber sich und Ihre Ausbildung ein, und eventuell Ihre Berufserfahrung an (Erfahrung ist nicht zwingend erforderlich), sowie Ihre Erwartungen. Voraussetzung f\u00fcr die Bewerbung ist ein Abschluss einer medizinischen Fachschule oder h\u00f6herem Niveau.<\/p><\/div>\n\n\n\n<div class=\"wp-block-uagb-faq-child uagb-faq-child__outer-wrap uagb-faq-item uagb-block-add21bbb\" role=\"tab\" tabindex=\"0\"><div class=\"uagb-faq-questions-button uagb-faq-questions\"><span class=\"uagb-icon uagb-faq-icon-wrap\"><svg xmlns=\"https:\/\/www.w3.org\/2000\/svg\" viewBox=\"0 0 448 512\"><path d=\"M432 256c0 17.69-14.33 32.01-32 32.01H256v144c0 17.69-14.33 31.99-32 31.99s-32-14.3-32-31.99v-144H48c-17.67 0-32-14.32-32-32.01s14.33-31.99 32-31.99H192v-144c0-17.69 14.33-32.01 32-32.01s32 14.32 32 32.01v144h144C417.7 224 432 238.3 432 256z\"><\/path><\/svg><\/span><span class=\"uagb-icon-active uagb-faq-icon-wrap\"><svg xmlns=\"https:\/\/www.w3.org\/2000\/svg\" viewBox=\"0 0 448 512\"><path d=\"M400 288h-352c-17.69 0-32-14.32-32-32.01s14.31-31.99 32-31.99h352c17.69 0 32 14.3 32 31.99S417.7 288 400 288z\"><\/path><\/svg><\/span><span class=\"uagb-question\">Ben\u00f6tigen Sie f\u00fcr die Bewerbung Deutschkenntnisse?<\/span><\/div><p class=\"uagb-faq-content\">Deutschkenntnisse sind nicht erforderlich, um dem Team beizutreten. Aber wenn Sie bereits Deutsch k\u00f6nnen wird es den Prozess von Val, nach Deutschland gehen nur beschleuningen. Deutschkenntnisse auf Niveau B1 sind\u00a0 notwendig.<br>Wir helfen Ihnen, einen geeigneten Online-Kurs zum Deutschlernen zu finden. Bitte kontaktieren Sie uns f\u00fcr weitere Informationen.<\/p><\/div>\n\n\n\n<div class=\"wp-block-uagb-faq-child uagb-faq-child__outer-wrap uagb-faq-item uagb-block-b8471f73\" role=\"tab\" tabindex=\"0\"><div class=\"uagb-faq-questions-button uagb-faq-questions\"><span class=\"uagb-icon uagb-faq-icon-wrap\"><svg xmlns=\"https:\/\/www.w3.org\/2000\/svg\" viewBox=\"0 0 448 512\"><path d=\"M432 256c0 17.69-14.33 32.01-32 32.01H256v144c0 17.69-14.33 31.99-32 31.99s-32-14.3-32-31.99v-144H48c-17.67 0-32-14.32-32-32.01s14.33-31.99 32-31.99H192v-144c0-17.69 14.33-32.01 32-32.01s32 14.32 32 32.01v144h144C417.7 224 432 238.3 432 256z\"><\/path><\/svg><\/span><span class=\"uagb-icon-active uagb-faq-icon-wrap\"><svg xmlns=\"https:\/\/www.w3.org\/2000\/svg\" viewBox=\"0 0 448 512\"><path d=\"M400 288h-352c-17.69 0-32-14.32-32-32.01s14.31-31.99 32-31.99h352c17.69 0 32 14.3 32 31.99S417.7 288 400 288z\"><\/path><\/svg><\/span><span class=\"uagb-question\">Sie fragen sich, wie wir Ihnen helfen k\u00f6nnen?<\/span><\/div><p class=\"uagb-faq-content\">Unser Support wird nach Ihrer Registrierung auf der Website kontinuierlich sein.<\/p><\/div>\n\n\n\n<div class=\"wp-block-uagb-faq-child uagb-faq-child__outer-wrap uagb-faq-item uagb-block-343deb75\" role=\"tab\" tabindex=\"0\"><div class=\"uagb-faq-questions-button uagb-faq-questions\"><span class=\"uagb-icon uagb-faq-icon-wrap\"><svg xmlns=\"https:\/\/www.w3.org\/2000\/svg\" viewBox=\"0 0 448 512\"><path d=\"M432 256c0 17.69-14.33 32.01-32 32.01H256v144c0 17.69-14.33 31.99-32 31.99s-32-14.3-32-31.99v-144H48c-17.67 0-32-14.32-32-32.01s14.33-31.99 32-31.99H192v-144c0-17.69 14.33-32.01 32-32.01s32 14.32 32 32.01v144h144C417.7 224 432 238.3 432 256z\"><\/path><\/svg><\/span><span class=\"uagb-icon-active uagb-faq-icon-wrap\"><svg xmlns=\"https:\/\/www.w3.org\/2000\/svg\" viewBox=\"0 0 448 512\"><path d=\"M400 288h-352c-17.69 0-32-14.32-32-32.01s14.31-31.99 32-31.99h352c17.69 0 32 14.3 32 31.99S417.7 288 400 288z\"><\/path><\/svg><\/span><span class=\"uagb-question\">Was sind Ihre Aufgaben?<\/span><\/div><p class=\"uagb-faq-content\">Infoselix-Anwendungen sind f\u00fcr alle Benutzer kostenlos, ohne versteckte Kosten. Wir erwarten jedoch, dass Sie unserem Ansatz mit Engagement, Ehrlichkeit und pers\u00f6nlichem Einsatz folgen und alle Schritte termingerecht abschlie\u00dfen.<\/p><\/div>\n\n\n\n<div class=\"wp-block-uagb-faq-child uagb-faq-child__outer-wrap uagb-faq-item uagb-block-a457a15b\" role=\"tab\" tabindex=\"0\"><div class=\"uagb-faq-questions-button uagb-faq-questions\"><span class=\"uagb-icon uagb-faq-icon-wrap\"><svg xmlns=\"https:\/\/www.w3.org\/2000\/svg\" viewBox=\"0 0 448 512\"><path d=\"M432 256c0 17.69-14.33 32.01-32 32.01H256v144c0 17.69-14.33 31.99-32 31.99s-32-14.3-32-31.99v-144H48c-17.67 0-32-14.32-32-32.01s14.33-31.99 32-31.99H192v-144c0-17.69 14.33-32.01 32-32.01s32 14.32 32 32.01v144h144C417.7 224 432 238.3 432 256z\"><\/path><\/svg><\/span><span class=\"uagb-icon-active uagb-faq-icon-wrap\"><svg xmlns=\"https:\/\/www.w3.org\/2000\/svg\" viewBox=\"0 0 448 512\"><path d=\"M400 288h-352c-17.69 0-32-14.32-32-32.01s14.31-31.99 32-31.99h352c17.69 0 32 14.3 32 31.99S417.7 288 400 288z\"><\/path><\/svg><\/span><span class=\"uagb-question\">F\u00fcr Teammitglieder, die \u00fcber 45 Jahre alt sind.<\/span><\/div><p class=\"uagb-faq-content\">Grunds\u00e4tzlich kann sich jeder auf Infoselix.com registrieren. Allerdings ist es f\u00fcr Menschen \u00fcber 45 schwieriger, einen Arbeitgeber zu finden, aber es ist immer noch m\u00f6glich. Probieren Sie es aus &#8211; Sie verlieren dabei nichts!<\/p><\/div>\n<\/div>\n<\/div><\/div>\n<\/div><\/div>\n<\/div><\/div>\n","protected":false},"excerpt":{"rendered":"","protected":false},"author":1,"featured_media":0,"parent":0,"menu_order":0,"comment_status":"closed","ping_status":"closed","template":"","meta":{"_uag_custom_page_level_css":"","site-sidebar-layout":"no-sidebar","site-content-layout":"page-builder","ast-global-header-display":"","ast-main-header-display":"","ast-hfb-above-header-display":"","ast-hfb-below-header-display":"","ast-hfb-mobile-header-display":"","site-post-title":"disabled","ast-breadcrumbs-content":"","ast-featured-img":"disabled","footer-sml-layout":"","theme-transparent-header-meta":"enabled","adv-header-id-meta":"","stick-header-meta":"","header-above-stick-meta":"","header-main-stick-meta":"","header-below-stick-meta":"","footnotes":""},"class_list":["post-2100","page","type-page","status-publish","hentry"],"uagb_featured_image_src":{"full":false,"thumbnail":false,"medium":false,"medium_large":false,"large":false,"1536x1536":false,"2048x2048":false},"uagb_author_info":{"display_name":"hm","author_link":"https:\/\/www.infoselix.com\/de\/author\/hm\/"},"uagb_comment_info":0,"uagb_excerpt":null,"_links":{"self":[{"href":"https:\/\/www.infoselix.com\/de\/wp-json\/wp\/v2\/pages\/2100","targetHints":{"allow":["GET"]}}],"collection":[{"href":"https:\/\/www.infoselix.com\/de\/wp-json\/wp\/v2\/pages"}],"about":[{"href":"https:\/\/www.infoselix.com\/de\/wp-json\/wp\/v2\/types\/page"}],"author":[{"embeddable":true,"href":"https:\/\/www.infoselix.com\/de\/wp-json\/wp\/v2\/users\/1"}],"replies":[{"embeddable":true,"href":"https:\/\/www.infoselix.com\/de\/wp-json\/wp\/v2\/comments?post=2100"}],"version-history":[{"count":8,"href":"https:\/\/www.infoselix.com\/de\/wp-json\/wp\/v2\/pages\/2100\/revisions"}],"predecessor-version":[{"id":2312,"href":"https:\/\/www.infoselix.com\/de\/wp-json\/wp\/v2\/pages\/2100\/revisions\/2312"}],"wp:attachment":[{"href":"https:\/\/www.infoselix.com\/de\/wp-json\/wp\/v2\/media?parent=2100"}],"curies":[{"name":"wp","href":"https:\/\/api.w.org\/{rel}","templated":true}]}}