{"id":2089,"date":"2023-01-15T11:36:55","date_gmt":"2023-01-15T10:36:55","guid":{"rendered":"https:\/\/www.infoselix.com\/startseite\/"},"modified":"2023-02-11T23:52:16","modified_gmt":"2023-02-11T22:52:16","slug":"startseite","status":"publish","type":"page","link":"https:\/\/www.infoselix.com\/de\/","title":{"rendered":"Startseite"},"content":{"rendered":"\n<div class=\"wp-block-uagb-container uagb-block-a6c0c46f alignfull uagb-is-root-container\"><div class=\"uagb-container-inner-blocks-wrap\">\n<div class=\"wp-block-uagb-advanced-heading uagb-block-99778f58\" data-aos=\"slide-left\" data-aos-delay=\"400\" data-aos-duration=\"700\"><h1 class=\"uagb-heading-text\">Durch ehrliche Arbeit geben wir Sicherheit und Zuverl\u00e4ssigkeit<\/h1><\/div>\n\n\n\n<div class=\"wp-block-uagb-advanced-heading uagb-block-4ada4717 uag-hide-desktop uag-hide-tab uag-hide-mob\" data-aos=\"slide-left\" data-aos-delay=\"450\"><p class=\"uagb-desc-text\">Wir verstehen ihre Bed\u00fcrfnisse und empfehlen ihnen mehrere Optionen die ihrem Profil entsprechen. Kostenlos und unverbindlich. Sie wollen nach Deutschland so schnell wie m\u00f6glich? Oder m\u00f6chten Sie alles durchdacht und vorbereitet haben?<br>Nostrifizierungspr\u00fcfung oder Praktikum in Deutschland? Sie entscheiden. Flexibilit\u00e4t ist ebenso wichtig wie Zuverl\u00e4ssigkeit.<\/p><\/div>\n\n\n\n<div class=\"wp-block-columns is-layout-flex wp-container-core-columns-is-layout-28f84493 wp-block-columns-is-layout-flex\">\n<div class=\"wp-block-column is-layout-flow wp-block-column-is-layout-flow\">\n<div class=\"wp-block-uagb-advanced-heading uagb-block-b2bfbf21\" data-aos=\"slide-right\" data-aos-delay=\"450\"><p class=\"uagb-desc-text\">F\u00fcr Arbeitgeber<\/p><\/div>\n\n\n\n<div class=\"wp-block-buttons is-layout-flex wp-block-buttons-is-layout-flex\"><\/div>\n\n\n\n<div class=\"wp-block-uagb-advanced-heading uagb-block-3d096527\" data-aos=\"slide-right\" data-aos-delay=\"450\"><p class=\"uagb-desc-text\">Ihre Bed\u00fcrfnisse sind unser Verst\u00e4ndnis und dementsprechend empfehlen wir Arbeiterprofile f\u00fcr Ihre Bed\u00fcrfnisse. Brauchen Sie Arbeitskr\u00e4fte? &#8211; Wir k\u00f6nnen Arbeiter f\u00fcr Sie finden. Es liegt an Ihnen!<br>Ihre Bed\u00fcrfnisse sind unser Verst\u00e4ndnis und dementsprechend empfehlen wir Arbeiterprofile f\u00fcr Ihre Bed\u00fcrfnisse. Brauchen Sie Arbeitskr\u00e4fte? &#8211; Wir k\u00f6nnen Arbeiter f\u00fcr Sie finden. Es liegt an Ihnen!<br><\/p><\/div>\n\n\n\n<div class=\"wp-block-uagb-buttons uagb-buttons__outer-wrap uagb-btn__default-btn uagb-btn-tablet__default-btn uagb-btn-mobile__default-btn uagb-block-48746b72\"><div class=\"uagb-buttons__wrap uagb-buttons-layout-wrap\">\n<div class=\"wp-block-uagb-buttons-child uagb-buttons__outer-wrap uagb-block-17882890 wp-block-button is-style-outline\"><div class=\"uagb-button__wrapper\"><a class=\"uagb-buttons-repeater wp-block-button__link has-background\" href=\"https:\/\/www.infoselix.com\/de\/arbeitskraefte\/\" onclick=\"return true;\" rel=\"follow noopener\" target=\"_self\"><div class=\"uagb-button__link\">Arbeitskr\u00e4fte<\/div><\/a><\/div><\/div>\n<\/div><\/div>\n<\/div>\n\n\n\n<div class=\"wp-block-column is-layout-flow wp-block-column-is-layout-flow\">\n<div class=\"wp-block-uagb-advanced-heading uagb-block-50d46234\" data-aos=\"slide-right\" data-aos-delay=\"450\"><p class=\"uagb-desc-text\">F\u00fcr Arbeitnehmer<\/p><\/div>\n\n\n\n<div class=\"wp-block-uagb-advanced-heading uagb-block-77408966\" data-aos=\"slide-left\" data-aos-delay=\"450\"><p class=\"uagb-desc-text\">Sie m\u00f6chten schnellstm\u00f6glich einer Erwerbst\u00e4tigkeit in Deutschland nachgehen? Dabei soll alles gut durchdacht und vorbereitet sein? Wir helfen!<br>Ihre Bed\u00fcrfnisse sind unser Verst\u00e4ndis, dementsprechend empfehlen wir Ihnen Optionen, die Ihrem Profil entsprechen. V\u00f6llig kostenlos!<br>Nostrifizierungspr\u00fcfung oder Praktikum in Deutschland? Sie entscheiden. Flexibilit\u00e4t ist ebenso wichtig wie Zuverl\u00e4ssigkeit.<\/p><\/div>\n\n\n\n<div class=\"wp-block-uagb-buttons uagb-buttons__outer-wrap uagb-btn__default-btn uagb-btn-tablet__default-btn uagb-btn-mobile__default-btn uagb-block-361ed3b0\"><div class=\"uagb-buttons__wrap uagb-buttons-layout-wrap\">\n<div class=\"wp-block-uagb-buttons-child uagb-buttons__outer-wrap uagb-block-1a4f5029 wp-block-button is-style-outline\"><div class=\"uagb-button__wrapper\"><a class=\"uagb-buttons-repeater wp-block-button__link has-background\" href=\"https:\/\/www.infoselix.com\/de\/beschaeftigung\/\" onclick=\"return true;\" rel=\"follow noopener\" target=\"_self\"><div class=\"uagb-button__link\">Besch\u00e4ftigung<\/div><\/a><\/div><\/div>\n<\/div><\/div>\n<\/div>\n<\/div>\n\n\n\n<div class=\"wp-block-buttons is-layout-flex wp-block-buttons-is-layout-flex\"><\/div>\n\n\n\n<div class=\"wp-block-uagb-icon-list uagb-block-5deb1d15\"><div class=\"uagb-icon-list__wrap\">\n<div class=\"wp-block-uagb-icon-list-child uagb-block-cb904b42\"><a target=\"_self\" aria-label=\"Finden Sie heraus wie!\" rel=\"noopener noreferrer\" href=\"#infoselix\"> <\/a><span class=\"uagb-icon-list__source-wrap\"><svg xmlns=\"https:\/\/www.w3.org\/2000\/svg\" viewBox=\"0 0 320 512\"><path d=\"M9.375 329.4c12.51-12.51 32.76-12.49 45.25 0L128 402.8V32c0-17.69 14.31-32 32-32s32 14.31 32 32v370.8l73.38-73.38c12.5-12.5 32.75-12.5 45.25 0s12.5 32.75 0 45.25l-128 128c-12.5 12.5-32.75 12.5-45.25 0l-128-128C-3.125 362.1-3.125 341.9 9.375 329.4z\"><\/path><\/svg><\/span><span class=\"uagb-icon-list__label\">Finden Sie heraus wie!<\/span><\/div>\n<\/div><\/div>\n<\/div><\/div>\n\n\n\n<div class=\"wp-block-uagb-container uagb-block-2d4e87a9 alignfull uagb-is-root-container\"><div class=\"uagb-container-inner-blocks-wrap\">\n<div class=\"wp-block-uagb-advanced-heading uagb-block-f3fdfdde\" id=\"infoselix\" data-aos=\"flip-up\" data-aos-delay=\"400\"><h2 class=\"uagb-heading-text\">Infoselix Vermittlung<\/h2><\/div>\n<\/div><\/div>\n\n\n\n<div class=\"wp-block-uagb-container uagb-block-fea7f2ae alignfull uagb-is-root-container\"><div class=\"uagb-container-inner-blocks-wrap\">\n<div class=\"wp-block-uagb-info-box uagb-block-ee158f72 uagb-infobox__content-wrap  uagb-infobox-icon-above-title uagb-infobox-image-valign-top\" data-aos=\"fade\" data-aos-delay=\"300\"><div class=\"uagb-ifb-content\"><div class=\"uagb-ifb-icon-wrap\"><svg xmlns=\"https:\/\/www.w3.org\/2000\/svg\" viewBox=\"0 0 256 512\"><path d=\"M256 448c0 17.67-14.33 32-32 32H32c-17.67 0-32-14.33-32-32s14.33-32 32-32h64V123.8L49.75 154.6C35.02 164.5 15.19 160.4 5.375 145.8C-4.422 131.1-.4531 111.2 14.25 101.4l96-64c9.828-6.547 22.45-7.187 32.84-1.594C153.5 41.37 160 52.22 160 64.01v352h64C241.7 416 256 430.3 256 448z\"><\/path><\/svg><\/div><div class=\"uagb-ifb-title-wrap\"><h4 class=\"uagb-ifb-title\">Anmeldung<\/h4><\/div><p class=\"uagb-ifb-desc\">Registrieren Sie sich kostenlos. Tragen Sie ihre pers\u00f6nlichen Daten in das Anmeldeformular ein.<br><br><br><\/p><\/div><\/div>\n\n\n\n<div class=\"wp-block-uagb-info-box uagb-block-84892286 uagb-infobox__content-wrap  uagb-infobox-icon-above-title uagb-infobox-image-valign-top\" data-aos=\"fade\" data-aos-delay=\"300\"><div class=\"uagb-ifb-content\"><div class=\"uagb-ifb-icon-wrap\"><svg xmlns=\"https:\/\/www.w3.org\/2000\/svg\" viewBox=\"0 0 320 512\"><path d=\"M320 448c0 17.67-14.33 32-32 32H32c-13.08 0-24.83-7.953-29.7-20.09c-4.859-12.12-1.859-26 7.594-35.03l193.6-185.1c31.36-30.17 33.95-80 5.812-113.4c-14.91-17.69-35.86-28.12-58.97-29.38C127.4 95.83 105.3 103.9 88.53 119.9L53.52 151.7c-13.08 11.91-33.33 10.89-45.2-2.172C-3.563 136.5-2.594 116.2 10.48 104.3l34.45-31.3c28.67-27.34 68.39-42.11 108.9-39.88c40.33 2.188 78.39 21.16 104.4 52.03c49.8 59.05 45.2 147.3-10.45 200.8l-136 130H288C305.7 416 320 430.3 320 448z\"><\/path><\/svg><\/div><div class=\"uagb-ifb-title-wrap\"><h4 class=\"uagb-ifb-title\">Motivation<\/h4><\/div><p class=\"uagb-ifb-desc\">Gehen Sie voran!<br><br><br><br><\/p><\/div><\/div>\n\n\n\n<div class=\"wp-block-uagb-info-box uagb-block-52be9200 uagb-infobox__content-wrap  uagb-infobox-icon-above-title uagb-infobox-image-valign-top\" data-aos=\"fade\" data-aos-delay=\"300\"><div class=\"uagb-ifb-content\"><div class=\"uagb-ifb-icon-wrap\"><svg xmlns=\"https:\/\/www.w3.org\/2000\/svg\" viewBox=\"0 0 320 512\"><path d=\"M320 344c0 74.98-61.02 136-136 136H103.6c-46.34 0-87.31-29.53-101.1-73.48c-5.594-16.77 3.484-34.88 20.25-40.47c16.75-5.609 34.89 3.484 40.47 20.25c5.922 17.77 22.48 29.7 41.23 29.7H184c39.7 0 72-32.3 72-72s-32.3-72-72-72H80c-13.2 0-25.05-8.094-29.83-20.41C45.39 239.3 48.66 225.3 58.38 216.4l131.4-120.4H32c-17.67 0-32-14.33-32-32s14.33-32 32-32h240c13.2 0 25.05 8.094 29.83 20.41c4.781 12.3 1.516 26.27-8.203 35.19l-131.4 120.4H184C258.1 208 320 269 320 344z\"><\/path><\/svg><\/div><div class=\"uagb-ifb-title-wrap\"><h4 class=\"uagb-ifb-title\">Sprache lernen und Anerkennung des Diploms<\/h4><\/div><p class=\"uagb-ifb-desc\">Lernen Sie Deutsch auf Niveau B1, um f\u00fcr neue&nbsp; Herausforderungen ger\u00fcstet zu sein. Bestehen Sie die Pr\u00fcfung f\u00fcr das erforderliche Zertifikat (an einer anerkannten Institution).<\/p><\/div><\/div>\n<\/div><\/div>\n\n\n\n<div class=\"wp-block-uagb-container uagb-block-cec7d224 alignfull uagb-is-root-container\"><div class=\"uagb-container-inner-blocks-wrap\">\n<div class=\"wp-block-uagb-info-box uagb-block-2c74238f uagb-infobox__content-wrap  uagb-infobox-icon-above-title uagb-infobox-image-valign-top\" data-aos=\"fade\" data-aos-delay=\"300\"><div class=\"uagb-ifb-content\"><div class=\"uagb-ifb-icon-wrap\"><svg xmlns=\"https:\/\/www.w3.org\/2000\/svg\" viewBox=\"0 0 384 512\"><path d=\"M384 334.2c0 17.67-14.33 32-32 32h-32v81.78c0 17.67-14.33 32-32 32s-32-14.33-32-32v-81.78H32c-10.97 0-21.17-5.625-27.05-14.89c-5.859-9.266-6.562-20.89-1.875-30.81l128-270.2C138.6 34.33 157.8 27.56 173.7 35.09c15.97 7.562 22.78 26.66 15.22 42.63L82.56 302.2H256V160c0-17.67 14.33-32 32-32s32 14.33 32 32v142.2h32C369.7 302.2 384 316.6 384 334.2z\"><\/path><\/svg><\/div><div class=\"uagb-ifb-title-wrap\"><h4 class=\"uagb-ifb-title\">Visa-Antrag<\/h4><\/div><p class=\"uagb-ifb-desc\">Beantragen Sie ein Arbeitsvisum und eine Arbeitserlaubnis, um in Deutschland zu leben und zu arbeiten.<br><\/p><\/div><\/div>\n\n\n\n<div class=\"wp-block-uagb-info-box uagb-block-778edb35 uagb-infobox__content-wrap  uagb-infobox-icon-above-title uagb-infobox-image-valign-top\" data-aos=\"fade\" data-aos-delay=\"300\"><div class=\"uagb-ifb-content\"><div class=\"uagb-ifb-icon-wrap\"><svg xmlns=\"https:\/\/www.w3.org\/2000\/svg\" viewBox=\"0 0 320 512\"><path d=\"M320 344.6c0 74.66-60.73 135.4-135.4 135.4H104.7c-46.81 0-88.22-29.83-103-74.23c-5.594-16.77 3.469-34.89 20.23-40.48c16.83-5.625 34.91 3.469 40.48 20.23c6.078 18.23 23.08 30.48 42.3 30.48h79.95c39.36 0 71.39-32.03 71.39-71.39s-32.03-71.38-71.39-71.38H32c-9.484 0-18.47-4.203-24.56-11.48C1.359 254.5-1.172 244.9 .5156 235.6l32-177.2C35.27 43.09 48.52 32.01 64 32.01l192 .0049c17.67 0 32 14.33 32 32s-14.33 32-32 32H90.73L70.3 209.2h114.3C259.3 209.2 320 269.1 320 344.6z\"><\/path><\/svg><\/div><div class=\"uagb-ifb-title-wrap\"><h4 class=\"uagb-ifb-title\">Ankunft in Deutschland<\/h4><\/div><p class=\"uagb-ifb-desc\">Beginnen Sie einen Job als staatlich anerkannte\/r Krankenschwester \/ Techniker.<br><br><\/p><\/div><\/div>\n\n\n\n<div class=\"wp-block-uagb-info-box uagb-block-4f38efa9 uagb-infobox__content-wrap  uagb-infobox-icon-above-title uagb-infobox-image-valign-top\" data-aos=\"fade\" data-aos-delay=\"300\"><div class=\"uagb-ifb-content\"><div class=\"uagb-ifb-icon-wrap\"><svg xmlns=\"https:\/\/www.w3.org\/2000\/svg\" viewBox=\"0 0 320 512\"><path d=\"M167.7 160.8l64.65-76.06c11.47-13.45 9.812-33.66-3.656-45.09C222.7 34.51 215.3 32.01 208 32.01c-9.062 0-18.06 3.833-24.38 11.29C38.07 214.5 0 245.5 0 320c0 88.22 71.78 160 160 160s160-71.78 160-160C320 234.4 252.3 164.9 167.7 160.8zM160 416c-52.94 0-96-43.06-96-96s43.06-95.1 96-95.1s96 43.06 96 95.1S212.9 416 160 416z\"><\/path><\/svg><\/div><div class=\"uagb-ifb-title-wrap\"><h4 class=\"uagb-ifb-title\">Viel Gl\u00fcck<\/h4><\/div><p class=\"uagb-ifb-desc\">Wir w\u00fcnschen Ihnen viel Gl\u00fcck im Leben und bei der Arbeit.<br><br><br><\/p><\/div><\/div>\n<\/div><\/div>\n\n\n\n<div class=\"wp-block-uagb-container uagb-block-00c756cc alignfull uagb-is-root-container\"><div class=\"uagb-container-inner-blocks-wrap\">\n<div class=\"wp-block-uagb-container uagb-block-71651615\">\n<div class=\"wp-block-uagb-info-box uagb-block-b5a5c059 uagb-infobox__content-wrap  uagb-infobox-icon-above-title uagb-infobox-image-valign-top\" data-aos=\"slide-right\"><div class=\"uagb-ifb-content\"><div class=\"uagb-ifb-title-wrap\"><h2 class=\"uagb-ifb-title\">\u00dcber uns<\/h2><\/div><p class=\"uagb-ifb-desc\">Wir haben direkte Kontakte zum Gesundheitssektor: Wir erm\u00f6glichen den Medizinern, die richtige Entscheidung f\u00fcr sich selbst zu treffen, und helfen ihnen den ad\u00e4quateste Weg nach Deutschland zu finden. Warum? Diese Methode bietet Arbeitgebern durch einen unkonventionellen Ansatz neue M\u00f6glichkeiten, um bei zuk\u00fcnftigen Mitarbeitern einen positiven Eindruck zu hinterlassen. Es erh\u00f6ht die M\u00f6glichkeit f\u00fcr den Arbeitnehmer, l\u00e4ger an seinem Arbeitsplatzt zu bleiben, je nach den individuelen W\u00fcnschen und Bed\u00fcrfnissen qualifizierter Arbeitnehmer. Unser Verh\u00e4ltnis ist Offenheit und Trasnparenz von Anfang an, und gute Zusammenarbeit.<\/p><\/div><\/div>\n<\/div>\n\n\n\n<div class=\"wp-block-uagb-container uagb-block-6c7d2488\">\n<div class=\"wp-block-uagb-image uagb-block-b966aeba wp-block-uagb-image--layout-default wp-block-uagb-image--effect-static wp-block-uagb-image--align-none\"><figure class=\"wp-block-uagb-image__figure\"><img decoding=\"async\" srcset=\"https:\/\/www.infoselix.com\/wp-content\/uploads\/2023\/01\/Medicinska-sestra-Njemacka-1.webp \" src=\"https:\/\/www.infoselix.com\/wp-content\/uploads\/2023\/01\/Medicinska-sestra-Njemacka-1.webp\" alt=\"\" class=\"uag-image-2000\" width=\"\" height=\"\" title=\"\" loading=\"lazy\"\/><\/figure><\/div>\n<\/div>\n<\/div><\/div>\n\n\n\n<div class=\"wp-block-uagb-container uag-blocks-common-selector uagb-block-5cfbe9ff alignfull uagb-is-root-container\"><div class=\"uagb-container-inner-blocks-wrap\">\n<div class=\"wp-block-uagb-advanced-heading uagb-block-84cc9b23\" data-aos=\"slide-up\"><h2 class=\"uagb-heading-text\">Unsere Partner<\/h2><\/div>\n<\/div><\/div>\n\n\n\n<div class=\"wp-block-uagb-container uagb-block-deb0488a alignfull uagb-is-root-container\"><div class=\"uagb-container-inner-blocks-wrap\">\n<div class=\"wp-block-uagb-image aligncenter uagb-block-4bf8dd21 wp-block-uagb-image--layout-default wp-block-uagb-image--effect-static wp-block-uagb-image--align-center\" data-aos=\"slide-up\" data-aos-delay=\"50\"><figure class=\"wp-block-uagb-image__figure\"><img decoding=\"async\" srcset=\"https:\/\/www.infoselix.com\/wp-content\/uploads\/2023\/02\/NjemackaAmbasadaSarajevoDE.webp \" src=\"https:\/\/www.infoselix.com\/wp-content\/uploads\/2023\/02\/NjemackaAmbasadaSarajevoDE.webp\" alt=\"\" class=\"uag-image-2323\" title=\"\" loading=\"lazy\"\/><\/figure><\/div>\n\n\n\n<div class=\"wp-block-uagb-image aligncenter uagb-block-faf12c13 wp-block-uagb-image--layout-default wp-block-uagb-image--effect-static wp-block-uagb-image--align-center\" data-aos=\"slide-up\" data-aos-delay=\"100\"><figure class=\"wp-block-uagb-image__figure\"><img decoding=\"async\" srcset=\"https:\/\/www.infoselix.com\/wp-content\/uploads\/2023\/02\/NjemackaAmbasadaBeogradDE.webp \" src=\"https:\/\/www.infoselix.com\/wp-content\/uploads\/2023\/02\/NjemackaAmbasadaBeogradDE.webp\" alt=\"\" class=\"uag-image-2332\" title=\"\" loading=\"lazy\"\/><\/figure><\/div>\n\n\n\n<div class=\"wp-block-uagb-image aligncenter uagb-block-a7efea5d wp-block-uagb-image--layout-default wp-block-uagb-image--effect-static wp-block-uagb-image--align-center\" data-aos=\"slide-up\" data-aos-delay=\"150\"><figure class=\"wp-block-uagb-image__figure\"><img decoding=\"async\" srcset=\"https:\/\/www.infoselix.com\/wp-content\/uploads\/2023\/02\/NjemackaAmbasadaPristinaDE.webp \" src=\"https:\/\/www.infoselix.com\/wp-content\/uploads\/2023\/02\/NjemackaAmbasadaPristinaDE.webp\" alt=\"\" class=\"uag-image-2326\" title=\"\" loading=\"lazy\"\/><\/figure><\/div>\n\n\n\n<div class=\"wp-block-uagb-image aligncenter uagb-block-eefd379f wp-block-uagb-image--layout-default wp-block-uagb-image--effect-static wp-block-uagb-image--align-center\" data-aos=\"slide-up\" data-aos-delay=\"200\"><figure class=\"wp-block-uagb-image__figure\"><img decoding=\"async\" srcset=\"https:\/\/www.infoselix.com\/wp-content\/uploads\/2023\/02\/NjemackaAmbasadaPodgoricaDE.webp \" src=\"https:\/\/www.infoselix.com\/wp-content\/uploads\/2023\/02\/NjemackaAmbasadaPodgoricaDE.webp\" alt=\"\" class=\"uag-image-2329\" title=\"\" loading=\"lazy\"\/><\/figure><\/div>\n<\/div><\/div>\n\n\n\n<div class=\"wp-block-uagb-container uagb-block-cd4b6344 alignfull uagb-is-root-container\"><div class=\"uagb-container-inner-blocks-wrap\">\n<div class=\"wp-block-uagb-info-box uagb-block-394eebb0 uagb-infobox__content-wrap  uagb-infobox-icon-above-title uagb-infobox-image-valign-top\" data-aos=\"slide-up\"><div class=\"uagb-ifb-content\"><div class=\"uagb-ifb-title-wrap\"><h2 class=\"uagb-ifb-title\">Infoselix Vermittlung<\/h2><\/div><p class=\"uagb-ifb-desc\">Schnell und einfach &#8211; Geben Sie alles \u00fcber Ihre Berufserfahrung, was relevant sein k\u00f6nnte, an. Unsere Aufgabe ist es, einen Arbeitgeber zu finden, der zu Ihrem Profil passt. Nutzen Sie die Chance und versuchen Sie Ihr Gl\u00fcck!<\/p><\/div><\/div>\n<\/div><\/div>\n\n\n\n<div class=\"wp-block-uagb-container uagb-block-9a3023a3 alignfull uagb-is-root-container\"><div class=\"uagb-container-inner-blocks-wrap\">\n<div class=\"wp-block-uagb-container uagb-block-8ab7c376\">\n<div class=\"wp-block-uagb-container uagb-block-6cf1b19b\">\n<div class=\"wp-block-uagb-info-box uagb-block-84a01bba uagb-infobox__content-wrap  uagb-infobox-icon-above-title uagb-infobox-image-valign-top\" data-aos=\"slide-left\"><div class=\"uagb-ifb-content\"><div class=\"uagb-ifb-title-wrap\"><h3 class=\"uagb-ifb-title\">Wer ist Ihr Arbeitgeber?<\/h3><\/div><p class=\"uagb-ifb-desc\">Es gibt mehrere Institutionen, in denen Sie in Deutschland arbeiten k\u00f6nnen,&nbsp; abh\u00e4ngig von Ihrer Erfahrung. Eventuell k\u00f6nnen Sie einen Arbeitgeber nach Ihren Vorlieben ausw\u00e4hlen.<\/p><\/div><\/div>\n\n\n\n<div class=\"wp-block-uagb-buttons uagb-buttons__outer-wrap uagb-btn__default-btn uagb-btn-tablet__default-btn uagb-btn-mobile__default-btn uagb-block-56980646\"><div class=\"uagb-buttons__wrap uagb-buttons-layout-wrap\">\n<div class=\"wp-block-uagb-buttons-child uagb-buttons__outer-wrap uagb-block-e9f5e34e wp-block-button is-style-outline\"><div class=\"uagb-button__wrapper\"><a class=\"uagb-buttons-repeater wp-block-button__link has-background\" href=\"https:\/\/www.infoselix.com\/de\/beschaeftigung\/\" onclick=\"return true;\" rel=\"follow noopener\" target=\"_self\"><div class=\"uagb-button__link\">Verbinden Sie sich mit uns<\/div><\/a><\/div><\/div>\n<\/div><\/div>\n<\/div>\n\n\n\n<div class=\"wp-block-uagb-container uagb-block-2e195e37\">\n<div class=\"wp-block-uagb-image alignright uagb-block-35383a92 wp-block-uagb-image--layout-default wp-block-uagb-image--effect-static wp-block-uagb-image--align-right\" data-aos=\"slide-left\"><figure class=\"wp-block-uagb-image__figure\"><img decoding=\"async\" srcset=\"https:\/\/www.infoselix.com\/wp-content\/uploads\/2023\/01\/Medicinska-njega-Njemacka.webp ,https:\/\/www.infoselix.com\/wp-content\/uploads\/2021\/05\/cta-img.jpg 780w\" src=\"https:\/\/www.infoselix.com\/wp-content\/uploads\/2023\/01\/Medicinska-njega-Njemacka.webp\" alt=\"\" class=\"uag-image-2009\" width=\"\" height=\"\" title=\"\" loading=\"lazy\"\/><\/figure><\/div>\n<\/div>\n<\/div>\n\n\n\n<div class=\"wp-block-uagb-container uagb-block-f7ede985\">\n<div class=\"wp-block-uagb-container uagb-block-2b08ccc4\">\n<div class=\"wp-block-uagb-advanced-heading uagb-block-ad9a4e41\" data-aos=\"slide-right\"><h2 class=\"uagb-heading-text\">Altenpflege<\/h2><\/div>\n<\/div>\n\n\n\n<div class=\"wp-block-uagb-container uagb-block-61ee6923\">\n<div class=\"wp-block-uagb-advanced-heading uagb-block-f073e5fa\" data-aos=\"slide-right\"><p class=\"uagb-desc-text\">Altenpflege &#8211; Pflege \u00e4lterer Menschen mit dem Ziel eine stabile Lebensqualit\u00e4t zu erhalten und die individuellen F\u00e4higkeiten zu verbessern. Neben der medizinischen Versorgung geh\u00f6ren die Grundversorgung und die psychosoziale Betreuung \u00e4lterer Personen zu den Aufgaben der\/des&nbsp; Pflegekraft\/Techniker.<\/p><\/div>\n<\/div>\n<\/div>\n<\/div><\/div>\n\n\n\n<div class=\"wp-block-uagb-container uagb-block-8b51fb96 alignfull uagb-is-root-container\"><div class=\"uagb-container-inner-blocks-wrap\">\n<div class=\"wp-block-uagb-info-box uagb-block-c000b2ed uagb-infobox__content-wrap  uagb-infobox-icon-above-title uagb-infobox-image-valign-top\" data-aos=\"slide-right\"><div class=\"uagb-ifb-content\"><div class=\"uagb-ifb-title-wrap\"><span class=\"uagb-ifb-title-prefix\"><strong><strong>Ihr zuvel\u00e4ssiger Partner<\/strong><\/strong><\/span><h2 class=\"uagb-ifb-title\">Registireren Sie sich kostenlos!<\/h2><\/div><\/div><\/div>\n\n\n\n<div class=\"wp-block-uagb-advanced-heading uagb-block-fadb65dc\" data-aos=\"slide-right\"><p class=\"uagb-heading-text\">Registrieren Sie sich kostenlos und begeben Sie sich auf Ihren Berufsweg!<\/p><\/div>\n<\/div><\/div>\n\n\n\n<div class=\"wp-block-uagb-container uagb-block-38384e7b alignfull uagb-is-root-container\"><div class=\"uagb-container-inner-blocks-wrap\">\n<div class=\"wp-block-uagb-image aligncenter uagb-block-8c9db807 wp-block-uagb-image--layout-default wp-block-uagb-image--effect-static wp-block-uagb-image--align-center\" data-aos=\"slide-up\" data-aos-delay=\"50\"><figure class=\"wp-block-uagb-image__figure\"><img decoding=\"async\" srcset=\"https:\/\/www.infoselix.com\/wp-content\/uploads\/2023\/01\/Doktor-posao-Njemacka.webp \" src=\"https:\/\/www.infoselix.com\/wp-content\/uploads\/2023\/01\/Doktor-posao-Njemacka.webp\" alt=\"\" class=\"uag-image-2017\" width=\"380\" height=\"380\" title=\"\" loading=\"lazy\"\/><\/figure><\/div>\n\n\n\n<div class=\"wp-block-uagb-image aligncenter uagb-block-f9a152c0 wp-block-uagb-image--layout-default wp-block-uagb-image--effect-static wp-block-uagb-image--align-center\" data-aos=\"slide-up\" data-aos-delay=\"100\"><figure class=\"wp-block-uagb-image__figure\"><img decoding=\"async\" srcset=\"https:\/\/www.infoselix.com\/wp-content\/uploads\/2023\/01\/Medicinarka-Njemacka.webp \" src=\"https:\/\/www.infoselix.com\/wp-content\/uploads\/2023\/01\/Medicinarka-Njemacka.webp\" alt=\"\" class=\"uag-image-2020\" width=\"380\" height=\"380\" title=\"\" loading=\"lazy\"\/><\/figure><\/div>\n\n\n\n<div class=\"wp-block-uagb-image aligncenter uagb-block-7ec24a74 wp-block-uagb-image--layout-default wp-block-uagb-image--effect-static wp-block-uagb-image--align-center\" data-aos=\"slide-up\" data-aos-delay=\"150\"><figure class=\"wp-block-uagb-image__figure\"><img decoding=\"async\" srcset=\"https:\/\/www.infoselix.com\/wp-content\/uploads\/2023\/01\/Medicina-posao-Njemacka.webp \" src=\"https:\/\/www.infoselix.com\/wp-content\/uploads\/2023\/01\/Medicina-posao-Njemacka.webp\" alt=\"\" class=\"uag-image-2023\" width=\"380\" height=\"380\" title=\"\" loading=\"lazy\"\/><\/figure><\/div>\n<\/div><\/div>\n\n\n\n<div class=\"wp-block-uagb-container uagb-block-2f677cca alignfull uagb-is-root-container\"><div class=\"uagb-container-inner-blocks-wrap\">\n<div class=\"wp-block-uagb-container uagb-block-6295329b\">\n<div class=\"wp-block-uagb-advanced-heading uagb-block-f419546f\"><h2 class=\"uagb-heading-text\">Abonnement<\/h2><\/div>\n<\/div>\n\n\n\n<div class=\"wp-block-uagb-container uagb-block-95edfe85\"><script>(function() {\n\twindow.mc4wp = window.mc4wp || {\n\t\tlisteners: [],\n\t\tforms: {\n\t\t\ton: function(evt, cb) {\n\t\t\t\twindow.mc4wp.listeners.push(\n\t\t\t\t\t{\n\t\t\t\t\t\tevent   : evt,\n\t\t\t\t\t\tcallback: cb\n\t\t\t\t\t}\n\t\t\t\t);\n\t\t\t}\n\t\t}\n\t}\n})();\n<\/script><!-- Mailchimp for WordPress v4.9.13 - https:\/\/wordpress.org\/plugins\/mailchimp-for-wp\/ --><form id=\"mc4wp-form-1\" class=\"mc4wp-form mc4wp-form-2247\" method=\"post\" data-id=\"2247\" data-name=\"Abonnement\" ><div class=\"mc4wp-form-fields\"><p>\n\t<label>\n\t\t<input type=\"email\" name=\"EMAIL\" placeholder=\"E-Mail-Addresse\" required=\"\"> <input type=\"submit\" value=\"ABONNEMENT\">\n<\/label>\n<\/p><\/div><label style=\"display: none !important;\">Wenn du ein Mensch bist, lasse das Feld leer: <input type=\"text\" name=\"_mc4wp_honeypot\" value=\"\" tabindex=\"-1\" autocomplete=\"off\" \/><\/label><input type=\"hidden\" name=\"_mc4wp_timestamp\" value=\"1777562029\" \/><input type=\"hidden\" name=\"_mc4wp_form_id\" value=\"2247\" \/><input type=\"hidden\" name=\"_mc4wp_form_element_id\" value=\"mc4wp-form-1\" \/><div class=\"mc4wp-response\"><\/div><\/form><!-- \/ Mailchimp for WordPress Plugin --><\/div>\n<\/div><\/div>\n","protected":false},"excerpt":{"rendered":"","protected":false},"author":1,"featured_media":0,"parent":0,"menu_order":0,"comment_status":"closed","ping_status":"closed","template":"","meta":{"_uag_custom_page_level_css":"","site-sidebar-layout":"no-sidebar","site-content-layout":"page-builder","ast-global-header-display":"","ast-main-header-display":"","ast-hfb-above-header-display":"","ast-hfb-below-header-display":"","ast-hfb-mobile-header-display":"","site-post-title":"disabled","ast-breadcrumbs-content":"","ast-featured-img":"disabled","footer-sml-layout":"","theme-transparent-header-meta":"enabled","adv-header-id-meta":"","stick-header-meta":"","header-above-stick-meta":"","header-main-stick-meta":"","header-below-stick-meta":"","footnotes":""},"class_list":["post-2089","page","type-page","status-publish","hentry"],"uagb_featured_image_src":{"full":false,"thumbnail":false,"medium":false,"medium_large":false,"large":false,"1536x1536":false,"2048x2048":false},"uagb_author_info":{"display_name":"hm","author_link":"https:\/\/www.infoselix.com\/de\/author\/hm\/"},"uagb_comment_info":0,"uagb_excerpt":null,"_links":{"self":[{"href":"https:\/\/www.infoselix.com\/de\/wp-json\/wp\/v2\/pages\/2089","targetHints":{"allow":["GET"]}}],"collection":[{"href":"https:\/\/www.infoselix.com\/de\/wp-json\/wp\/v2\/pages"}],"about":[{"href":"https:\/\/www.infoselix.com\/de\/wp-json\/wp\/v2\/types\/page"}],"author":[{"embeddable":true,"href":"https:\/\/www.infoselix.com\/de\/wp-json\/wp\/v2\/users\/1"}],"replies":[{"embeddable":true,"href":"https:\/\/www.infoselix.com\/de\/wp-json\/wp\/v2\/comments?post=2089"}],"version-history":[{"count":24,"href":"https:\/\/www.infoselix.com\/de\/wp-json\/wp\/v2\/pages\/2089\/revisions"}],"predecessor-version":[{"id":2336,"href":"https:\/\/www.infoselix.com\/de\/wp-json\/wp\/v2\/pages\/2089\/revisions\/2336"}],"wp:attachment":[{"href":"https:\/\/www.infoselix.com\/de\/wp-json\/wp\/v2\/media?parent=2089"}],"curies":[{"name":"wp","href":"https:\/\/api.w.org\/{rel}","templated":true}]}}